{"id":115,"date":"2023-05-24T07:03:17","date_gmt":"2023-05-24T07:03:17","guid":{"rendered":"https:\/\/msc.schiffs-rabatte.de\/?page_id=115"},"modified":"2023-05-24T07:20:21","modified_gmt":"2023-05-24T07:20:21","slug":"kreuzfahrten-ab-civitacchia","status":"publish","type":"page","link":"https:\/\/www.schiffs-rabatte.de\/msc\/kreuzfahrten-ab\/kreuzfahrten-ab-civitacchia\/","title":{"rendered":"Kreuzfahrten ab Civitacchia"},"content":{"rendered":"\t\t<div data-elementor-type=\"wp-page\" data-elementor-id=\"115\" class=\"elementor elementor-115\">\n\t\t\t\t\t\t\t\t\t<section class=\"elementor-section elementor-top-section elementor-element elementor-element-b5dae04 elementor-section-boxed elementor-section-height-default elementor-section-height-default\" data-id=\"b5dae04\" data-element_type=\"section\">\n\t\t\t\t\t\t<div class=\"elementor-container elementor-column-gap-default\">\n\t\t\t\t\t<div class=\"elementor-column elementor-col-100 elementor-top-column elementor-element elementor-element-58b46ad\" data-id=\"58b46ad\" data-element_type=\"column\">\n\t\t\t<div class=\"elementor-widget-wrap elementor-element-populated\">\n\t\t\t\t\t\t\t\t<div class=\"elementor-element elementor-element-10ee8fc elementor-widget elementor-widget-text-editor\" data-id=\"10ee8fc\" data-element_type=\"widget\" data-widget_type=\"text-editor.default\">\n\t\t\t\t<div class=\"elementor-widget-container\">\n\t\t\t<style>\/*! elementor - v3.13.3 - 28-05-2023 *\/\n.elementor-widget-text-editor.elementor-drop-cap-view-stacked .elementor-drop-cap{background-color:#69727d;color:#fff}.elementor-widget-text-editor.elementor-drop-cap-view-framed .elementor-drop-cap{color:#69727d;border:3px solid;background-color:transparent}.elementor-widget-text-editor:not(.elementor-drop-cap-view-default) .elementor-drop-cap{margin-top:8px}.elementor-widget-text-editor:not(.elementor-drop-cap-view-default) .elementor-drop-cap-letter{width:1em;height:1em}.elementor-widget-text-editor .elementor-drop-cap{float:left;text-align:center;line-height:1;font-size:50px}.elementor-widget-text-editor .elementor-drop-cap-letter{display:inline-block}<\/style>\t\t\t\t<h1>MSC KREUZFAHRTEN AB CIVITAVECCHIA<\/h1><p>Civitavecchia ist der Hafen von Rom und ein beliebter Ausgangspunkt f\u00fcr Kreuzfahrten im westlichen Mittelmeer. Von hier aus k\u00f6nnen Sie die ewige Stadt erkunden und weitere spannende Ziele wie beispielsweise die italienische K\u00fcste oder die Inseln des Mittelmeers entdecken.<\/p><p>Starten Sie Ihre Traumreise ab Civitavecchia und lassen Sie sich von der Kombination aus Kultur, Geschichte und atemberaubenden Landschaften begeistern. Entdecken Sie jetzt unsere vielf\u00e4ltigen Angebote.<\/p>\t\t\t\t\t\t<\/div>\n\t\t\t\t<\/div>\n\t\t\t\t\t<\/div>\n\t\t<\/div>\n\t\t\t\t\t\t\t<\/div>\n\t\t<\/section>\n\t\t\t\t<section class=\"elementor-section elementor-top-section elementor-element elementor-element-64dbaa7 elementor-section-boxed elementor-section-height-default elementor-section-height-default\" data-id=\"64dbaa7\" data-element_type=\"section\">\n\t\t\t\t\t\t<div class=\"elementor-container elementor-column-gap-default\">\n\t\t\t\t\t<div class=\"elementor-column elementor-col-100 elementor-top-column elementor-element elementor-element-b253f33\" data-id=\"b253f33\" data-element_type=\"column\">\n\t\t\t<div class=\"elementor-widget-wrap elementor-element-populated\">\n\t\t\t\t\t\t\t\t<div class=\"elementor-element elementor-element-32685f7 elementor-widget elementor-widget-html\" data-id=\"32685f7\" data-element_type=\"widget\" data-widget_type=\"html.default\">\n\t\t\t\t<div class=\"elementor-widget-container\">\n\t\t\t<iframe loading=\"lazy\" id=\"xtibe\" src=\"\/\/mscibe.schiffs-rabatte.de\/?red=15&sdt=3&bdt=999&dur=1-999&dsi=CIV&p=2\" width=\"100%\" height=\"500\" frameborder=\"0\" scrolling=\"no\" seamless border=\"0\"><\/iframe>\r\t\t<script type=\"text\/javascript\">\r\t\tvar first = true;\r\t\twindow.addEventListener(\"message\", function (message) {\r\t\t\tswitch (message.data.action)\r\t\t\t{\r\t\t\t\tcase \"resize\":\r\t\t\t\t\tdocument.getElementById(\"xtibe\").style.height = message.data.height + \"px\";\r\t\t\t\t\tbreak;\r\r\t\t\t\tcase \"scroll\":\r\t\t\t\t\twindow.scrollBy(0, (message.data.top + document.getElementById(\"xtibe\").getBoundingClientRect().top));\r\t\t\t\t\tbreak;\r\r\t\t\t\tcase \"navigate\":\r\t\t\t\t\tif (first) {\r\t\t\t\t\t\tfirst = false;\r\t\t\t\t\t} else {\r\t\t\t\t\t\twindow.scrollBy(0, document.getElementById(\"xtibe\").getBoundingClientRect().top);\r\t\t\t\t\t}\r\t\t\t\t\tbreak;\r\t\t\t}\r\t\t}, false);\r\t\t<\/script>\t\t<\/div>\n\t\t\t\t<\/div>\n\t\t\t\t\t<\/div>\n\t\t<\/div>\n\t\t\t\t\t\t\t<\/div>\n\t\t<\/section>\n\t\t\t\t\t\t\t<\/div>\n\t\t","protected":false},"excerpt":{"rendered":"<p>MSC KREUZFAHRTEN AB CIVITAVECCHIA Civitavecchia ist der Hafen von Rom und ein beliebter Ausgangspunkt f\u00fcr Kreuzfahrten im westlichen Mittelmeer. Von hier aus k\u00f6nnen Sie die ewige Stadt erkunden und weitere spannende Ziele wie beispielsweise die italienische K\u00fcste oder die Inseln<span class=\"ellipsis\">&hellip;<\/span><\/p>\n<div class=\"read-more\"><a href=\"https:\/\/www.schiffs-rabatte.de\/msc\/kreuzfahrten-ab\/kreuzfahrten-ab-civitacchia\/\">Weiterlesen \u203a<\/a><\/div>\n<p><!-- end of .read-more --><\/p>\n","protected":false},"author":1,"featured_media":0,"parent":65,"menu_order":0,"comment_status":"closed","ping_status":"closed","template":"elementor_header_footer","meta":{"footnotes":""},"class_list":["post-115","page","type-page","status-publish","hentry"],"yoast_head":"<!-- This site is optimized with the Yoast SEO plugin v25.3.1 - https:\/\/yoast.com\/wordpress\/plugins\/seo\/ -->\n<title>&#187; MSC Kreuzfahrten mit 5% Bonus auf Schiffs-Rabatte.de - ONLINE BUCHEN<\/title>\n<meta name=\"robots\" content=\"index, follow, max-snippet:-1, max-image-preview:large, max-video-preview:-1\" \/>\n<link rel=\"canonical\" href=\"https:\/\/www.schiffs-rabatte.de\/msc\/kreuzfahrten-ab\/kreuzfahrten-ab-civitacchia\/\" \/>\n<meta property=\"og:locale\" content=\"de_DE\" \/>\n<meta property=\"og:type\" content=\"article\" \/>\n<meta property=\"og:title\" content=\"&#187; MSC Kreuzfahrten mit 5% Bonus auf Schiffs-Rabatte.de - ONLINE BUCHEN\" \/>\n<meta property=\"og:description\" content=\"MSC KREUZFAHRTEN AB CIVITAVECCHIA Civitavecchia ist der Hafen von Rom und ein beliebter Ausgangspunkt f\u00fcr Kreuzfahrten im westlichen Mittelmeer. Von hier aus k\u00f6nnen Sie die ewige Stadt erkunden und weitere spannende Ziele wie beispielsweise die italienische K\u00fcste oder die Inseln&hellip;Weiterlesen \u203a\" \/>\n<meta property=\"og:url\" content=\"https:\/\/www.schiffs-rabatte.de\/msc\/kreuzfahrten-ab\/kreuzfahrten-ab-civitacchia\/\" \/>\n<meta property=\"og:site_name\" content=\"MSC Kreuzfahrten mit 5% Bonus auf Schiffs-Rabatte.de - ONLINE BUCHEN\" \/>\n<meta property=\"article:publisher\" content=\"https:\/\/www.facebook.com\/SchiffsRabattede\" \/>\n<meta property=\"article:modified_time\" content=\"2023-05-24T07:20:21+00:00\" \/>\n<meta name=\"twitter:card\" content=\"summary_large_image\" \/>\n<script type=\"application\/ld+json\" class=\"yoast-schema-graph\">{\"@context\":\"https:\/\/schema.org\",\"@graph\":[{\"@type\":\"WebPage\",\"@id\":\"https:\/\/www.schiffs-rabatte.de\/msc\/kreuzfahrten-ab\/kreuzfahrten-ab-civitacchia\/\",\"url\":\"https:\/\/www.schiffs-rabatte.de\/msc\/kreuzfahrten-ab\/kreuzfahrten-ab-civitacchia\/\",\"name\":\"&#187; MSC Kreuzfahrten mit 5% Bonus auf Schiffs-Rabatte.de - ONLINE BUCHEN\",\"isPartOf\":{\"@id\":\"https:\/\/www.schiffs-rabatte.de\/msc\/#website\"},\"datePublished\":\"2023-05-24T07:03:17+00:00\",\"dateModified\":\"2023-05-24T07:20:21+00:00\",\"breadcrumb\":{\"@id\":\"https:\/\/www.schiffs-rabatte.de\/msc\/kreuzfahrten-ab\/kreuzfahrten-ab-civitacchia\/#breadcrumb\"},\"inLanguage\":\"de\",\"potentialAction\":[{\"@type\":\"ReadAction\",\"target\":[\"https:\/\/www.schiffs-rabatte.de\/msc\/kreuzfahrten-ab\/kreuzfahrten-ab-civitacchia\/\"]}]},{\"@type\":\"BreadcrumbList\",\"@id\":\"https:\/\/www.schiffs-rabatte.de\/msc\/kreuzfahrten-ab\/kreuzfahrten-ab-civitacchia\/#breadcrumb\",\"itemListElement\":[{\"@type\":\"ListItem\",\"position\":1,\"name\":\"Startseite\",\"item\":\"https:\/\/www.schiffs-rabatte.de\/msc\/\"},{\"@type\":\"ListItem\",\"position\":2,\"name\":\"Kreuzfahrten ab\",\"item\":\"https:\/\/www.schiffs-rabatte.de\/msc\/kreuzfahrten-ab\/\"},{\"@type\":\"ListItem\",\"position\":3,\"name\":\"Kreuzfahrten ab Civitacchia\"}]},{\"@type\":\"WebSite\",\"@id\":\"https:\/\/www.schiffs-rabatte.de\/msc\/#website\",\"url\":\"https:\/\/www.schiffs-rabatte.de\/msc\/\",\"name\":\"MSC Kreuzfahrten mit 5% Bonus bei Schiffs-Rabatte.de\",\"description\":\"JETZT AUF SCHIFFS-RABATTE.de  - BUCHEN\",\"publisher\":{\"@id\":\"https:\/\/www.schiffs-rabatte.de\/msc\/#organization\"},\"potentialAction\":[{\"@type\":\"SearchAction\",\"target\":{\"@type\":\"EntryPoint\",\"urlTemplate\":\"https:\/\/www.schiffs-rabatte.de\/msc\/?s={search_term_string}\"},\"query-input\":{\"@type\":\"PropertyValueSpecification\",\"valueRequired\":true,\"valueName\":\"search_term_string\"}}],\"inLanguage\":\"de\"},{\"@type\":\"Organization\",\"@id\":\"https:\/\/www.schiffs-rabatte.de\/msc\/#organization\",\"name\":\"MSC Kreuzfahrten mit 5% Bonus bei Schiffs-Rabatte.de\",\"url\":\"https:\/\/www.schiffs-rabatte.de\/msc\/\",\"logo\":{\"@type\":\"ImageObject\",\"inLanguage\":\"de\",\"@id\":\"https:\/\/www.schiffs-rabatte.de\/msc\/#\/schema\/logo\/image\/\",\"url\":\"https:\/\/schiffs-rabatte.de\/msc\/wp-content\/uploads\/2023\/03\/cropped-cropped-SchiffsRabatte-Logo-quer-positiv-RGB.png\",\"contentUrl\":\"https:\/\/schiffs-rabatte.de\/msc\/wp-content\/uploads\/2023\/03\/cropped-cropped-SchiffsRabatte-Logo-quer-positiv-RGB.png\",\"width\":900,\"height\":191,\"caption\":\"MSC Kreuzfahrten mit 5% Bonus bei Schiffs-Rabatte.de\"},\"image\":{\"@id\":\"https:\/\/www.schiffs-rabatte.de\/msc\/#\/schema\/logo\/image\/\"},\"sameAs\":[\"https:\/\/www.facebook.com\/SchiffsRabattede\",\"https:\/\/www.instagram.com\/schiffsrabatte\/\"]}]}<\/script>\n<!-- \/ Yoast SEO plugin. -->","yoast_head_json":{"title":"&#187; MSC Kreuzfahrten mit 5% Bonus auf Schiffs-Rabatte.de - ONLINE BUCHEN","robots":{"index":"index","follow":"follow","max-snippet":"max-snippet:-1","max-image-preview":"max-image-preview:large","max-video-preview":"max-video-preview:-1"},"canonical":"https:\/\/www.schiffs-rabatte.de\/msc\/kreuzfahrten-ab\/kreuzfahrten-ab-civitacchia\/","og_locale":"de_DE","og_type":"article","og_title":"&#187; MSC Kreuzfahrten mit 5% Bonus auf Schiffs-Rabatte.de - ONLINE BUCHEN","og_description":"MSC KREUZFAHRTEN AB CIVITAVECCHIA Civitavecchia ist der Hafen von Rom und ein beliebter Ausgangspunkt f\u00fcr Kreuzfahrten im westlichen Mittelmeer. Von hier aus k\u00f6nnen Sie die ewige Stadt erkunden und weitere spannende Ziele wie beispielsweise die italienische K\u00fcste oder die Inseln&hellip;Weiterlesen \u203a","og_url":"https:\/\/www.schiffs-rabatte.de\/msc\/kreuzfahrten-ab\/kreuzfahrten-ab-civitacchia\/","og_site_name":"MSC Kreuzfahrten mit 5% Bonus auf Schiffs-Rabatte.de - ONLINE BUCHEN","article_publisher":"https:\/\/www.facebook.com\/SchiffsRabattede","article_modified_time":"2023-05-24T07:20:21+00:00","twitter_card":"summary_large_image","schema":{"@context":"https:\/\/schema.org","@graph":[{"@type":"WebPage","@id":"https:\/\/www.schiffs-rabatte.de\/msc\/kreuzfahrten-ab\/kreuzfahrten-ab-civitacchia\/","url":"https:\/\/www.schiffs-rabatte.de\/msc\/kreuzfahrten-ab\/kreuzfahrten-ab-civitacchia\/","name":"&#187; MSC Kreuzfahrten mit 5% Bonus auf Schiffs-Rabatte.de - ONLINE BUCHEN","isPartOf":{"@id":"https:\/\/www.schiffs-rabatte.de\/msc\/#website"},"datePublished":"2023-05-24T07:03:17+00:00","dateModified":"2023-05-24T07:20:21+00:00","breadcrumb":{"@id":"https:\/\/www.schiffs-rabatte.de\/msc\/kreuzfahrten-ab\/kreuzfahrten-ab-civitacchia\/#breadcrumb"},"inLanguage":"de","potentialAction":[{"@type":"ReadAction","target":["https:\/\/www.schiffs-rabatte.de\/msc\/kreuzfahrten-ab\/kreuzfahrten-ab-civitacchia\/"]}]},{"@type":"BreadcrumbList","@id":"https:\/\/www.schiffs-rabatte.de\/msc\/kreuzfahrten-ab\/kreuzfahrten-ab-civitacchia\/#breadcrumb","itemListElement":[{"@type":"ListItem","position":1,"name":"Startseite","item":"https:\/\/www.schiffs-rabatte.de\/msc\/"},{"@type":"ListItem","position":2,"name":"Kreuzfahrten ab","item":"https:\/\/www.schiffs-rabatte.de\/msc\/kreuzfahrten-ab\/"},{"@type":"ListItem","position":3,"name":"Kreuzfahrten ab Civitacchia"}]},{"@type":"WebSite","@id":"https:\/\/www.schiffs-rabatte.de\/msc\/#website","url":"https:\/\/www.schiffs-rabatte.de\/msc\/","name":"MSC Kreuzfahrten mit 5% Bonus bei Schiffs-Rabatte.de","description":"JETZT AUF SCHIFFS-RABATTE.de  - BUCHEN","publisher":{"@id":"https:\/\/www.schiffs-rabatte.de\/msc\/#organization"},"potentialAction":[{"@type":"SearchAction","target":{"@type":"EntryPoint","urlTemplate":"https:\/\/www.schiffs-rabatte.de\/msc\/?s={search_term_string}"},"query-input":{"@type":"PropertyValueSpecification","valueRequired":true,"valueName":"search_term_string"}}],"inLanguage":"de"},{"@type":"Organization","@id":"https:\/\/www.schiffs-rabatte.de\/msc\/#organization","name":"MSC Kreuzfahrten mit 5% Bonus bei Schiffs-Rabatte.de","url":"https:\/\/www.schiffs-rabatte.de\/msc\/","logo":{"@type":"ImageObject","inLanguage":"de","@id":"https:\/\/www.schiffs-rabatte.de\/msc\/#\/schema\/logo\/image\/","url":"https:\/\/schiffs-rabatte.de\/msc\/wp-content\/uploads\/2023\/03\/cropped-cropped-SchiffsRabatte-Logo-quer-positiv-RGB.png","contentUrl":"https:\/\/schiffs-rabatte.de\/msc\/wp-content\/uploads\/2023\/03\/cropped-cropped-SchiffsRabatte-Logo-quer-positiv-RGB.png","width":900,"height":191,"caption":"MSC Kreuzfahrten mit 5% Bonus bei Schiffs-Rabatte.de"},"image":{"@id":"https:\/\/www.schiffs-rabatte.de\/msc\/#\/schema\/logo\/image\/"},"sameAs":["https:\/\/www.facebook.com\/SchiffsRabattede","https:\/\/www.instagram.com\/schiffsrabatte\/"]}]}},"_links":{"self":[{"href":"https:\/\/www.schiffs-rabatte.de\/msc\/wp-json\/wp\/v2\/pages\/115","targetHints":{"allow":["GET"]}}],"collection":[{"href":"https:\/\/www.schiffs-rabatte.de\/msc\/wp-json\/wp\/v2\/pages"}],"about":[{"href":"https:\/\/www.schiffs-rabatte.de\/msc\/wp-json\/wp\/v2\/types\/page"}],"author":[{"embeddable":true,"href":"https:\/\/www.schiffs-rabatte.de\/msc\/wp-json\/wp\/v2\/users\/1"}],"replies":[{"embeddable":true,"href":"https:\/\/www.schiffs-rabatte.de\/msc\/wp-json\/wp\/v2\/comments?post=115"}],"version-history":[{"count":7,"href":"https:\/\/www.schiffs-rabatte.de\/msc\/wp-json\/wp\/v2\/pages\/115\/revisions"}],"predecessor-version":[{"id":160,"href":"https:\/\/www.schiffs-rabatte.de\/msc\/wp-json\/wp\/v2\/pages\/115\/revisions\/160"}],"up":[{"embeddable":true,"href":"https:\/\/www.schiffs-rabatte.de\/msc\/wp-json\/wp\/v2\/pages\/65"}],"wp:attachment":[{"href":"https:\/\/www.schiffs-rabatte.de\/msc\/wp-json\/wp\/v2\/media?parent=115"}],"curies":[{"name":"wp","href":"https:\/\/api.w.org\/{rel}","templated":true}]}}