{"id":150,"date":"2023-05-24T07:19:16","date_gmt":"2023-05-24T07:19:16","guid":{"rendered":"https:\/\/msc.schiffs-rabatte.de\/?page_id=150"},"modified":"2023-05-24T07:19:26","modified_gmt":"2023-05-24T07:19:26","slug":"kreuzfahrten-ab-doha","status":"publish","type":"page","link":"https:\/\/www.schiffs-rabatte.de\/msc\/kreuzfahrten-ab\/kreuzfahrten-ab-doha\/","title":{"rendered":"Kreuzfahrten ab Doha"},"content":{"rendered":"\t\t<div data-elementor-type=\"wp-page\" data-elementor-id=\"150\" class=\"elementor elementor-150\">\n\t\t\t\t\t\t\t\t\t<section class=\"elementor-section elementor-top-section elementor-element elementor-element-53b8b0c elementor-section-boxed elementor-section-height-default elementor-section-height-default\" data-id=\"53b8b0c\" data-element_type=\"section\">\n\t\t\t\t\t\t<div class=\"elementor-container elementor-column-gap-default\">\n\t\t\t\t\t<div class=\"elementor-column elementor-col-100 elementor-top-column elementor-element elementor-element-1370cf2\" data-id=\"1370cf2\" data-element_type=\"column\">\n\t\t\t<div class=\"elementor-widget-wrap elementor-element-populated\">\n\t\t\t\t\t\t\t\t<div class=\"elementor-element elementor-element-0769ff9 elementor-widget elementor-widget-text-editor\" data-id=\"0769ff9\" data-element_type=\"widget\" data-widget_type=\"text-editor.default\">\n\t\t\t\t<div class=\"elementor-widget-container\">\n\t\t\t<style>\/*! elementor - v3.13.3 - 28-05-2023 *\/\n.elementor-widget-text-editor.elementor-drop-cap-view-stacked .elementor-drop-cap{background-color:#69727d;color:#fff}.elementor-widget-text-editor.elementor-drop-cap-view-framed .elementor-drop-cap{color:#69727d;border:3px solid;background-color:transparent}.elementor-widget-text-editor:not(.elementor-drop-cap-view-default) .elementor-drop-cap{margin-top:8px}.elementor-widget-text-editor:not(.elementor-drop-cap-view-default) .elementor-drop-cap-letter{width:1em;height:1em}.elementor-widget-text-editor .elementor-drop-cap{float:left;text-align:center;line-height:1;font-size:50px}.elementor-widget-text-editor .elementor-drop-cap-letter{display:inline-block}<\/style>\t\t\t\t<h1>MSC KREUZFAHRTEN AB DOHA<\/h1><p>Doha ist ein moderner und aufstrebender Kreuzfahrthafen in Katar. Von hier aus k\u00f6nnen Sie zu arabischen Kreuzfahrten im Persischen Golf und entlang der K\u00fcste der Arabischen Halbinsel aufbrechen.<\/p><p>Erleben Sie eine Kreuzfahrt ab Doha und tauchen Sie ein in die faszinierende Kultur des Nahen Ostens. Genie\u00dfen Sie luxuri\u00f6se Annehmlichkeiten an Bord und entdecken Sie exotische Reiseziele wie Dubai, Abu Dhabi und die atemberaubenden W\u00fcstenlandschaften der Region. Buchen Sie jetzt Ihre Traumreise ab diesem aufstrebenden Hafen und lassen Sie sich von der Sch\u00f6nheit und dem Luxus des Persischen Golfs verzaubern.<\/p>\t\t\t\t\t\t<\/div>\n\t\t\t\t<\/div>\n\t\t\t\t\t<\/div>\n\t\t<\/div>\n\t\t\t\t\t\t\t<\/div>\n\t\t<\/section>\n\t\t\t\t<section class=\"elementor-section elementor-top-section elementor-element elementor-element-98eea28 elementor-section-boxed elementor-section-height-default elementor-section-height-default\" data-id=\"98eea28\" data-element_type=\"section\">\n\t\t\t\t\t\t<div class=\"elementor-container elementor-column-gap-default\">\n\t\t\t\t\t<div class=\"elementor-column elementor-col-100 elementor-top-column elementor-element elementor-element-534f9d9\" data-id=\"534f9d9\" data-element_type=\"column\">\n\t\t\t<div class=\"elementor-widget-wrap elementor-element-populated\">\n\t\t\t\t\t\t\t\t<div class=\"elementor-element elementor-element-94c16e5 elementor-widget elementor-widget-html\" data-id=\"94c16e5\" data-element_type=\"widget\" data-widget_type=\"html.default\">\n\t\t\t\t<div class=\"elementor-widget-container\">\n\t\t\t<iframe loading=\"lazy\" id=\"xtibe\" src=\"\/\/mscibe.schiffs-rabatte.de\/?red=15&sdt=3&bdt=999&dur=1-999&dsi=DOH&p=2\" width=\"100%\" height=\"500\" frameborder=\"0\" scrolling=\"no\" seamless border=\"0\"><\/iframe>\r\t\t<script type=\"text\/javascript\">\r\t\tvar first = true;\r\t\twindow.addEventListener(\"message\", function (message) {\r\t\t\tswitch (message.data.action)\r\t\t\t{\r\t\t\t\tcase \"resize\":\r\t\t\t\t\tdocument.getElementById(\"xtibe\").style.height = message.data.height + \"px\";\r\t\t\t\t\tbreak;\r\r\t\t\t\tcase \"scroll\":\r\t\t\t\t\twindow.scrollBy(0, (message.data.top + document.getElementById(\"xtibe\").getBoundingClientRect().top));\r\t\t\t\t\tbreak;\r\r\t\t\t\tcase \"navigate\":\r\t\t\t\t\tif (first) {\r\t\t\t\t\t\tfirst = false;\r\t\t\t\t\t} else {\r\t\t\t\t\t\twindow.scrollBy(0, document.getElementById(\"xtibe\").getBoundingClientRect().top);\r\t\t\t\t\t}\r\t\t\t\t\tbreak;\r\t\t\t}\r\t\t}, false);\r\t\t<\/script>\t\t<\/div>\n\t\t\t\t<\/div>\n\t\t\t\t\t<\/div>\n\t\t<\/div>\n\t\t\t\t\t\t\t<\/div>\n\t\t<\/section>\n\t\t\t\t\t\t\t<\/div>\n\t\t","protected":false},"excerpt":{"rendered":"<p>MSC KREUZFAHRTEN AB DOHA Doha ist ein moderner und aufstrebender Kreuzfahrthafen in Katar. Von hier aus k\u00f6nnen Sie zu arabischen Kreuzfahrten im Persischen Golf und entlang der K\u00fcste der Arabischen Halbinsel aufbrechen. Erleben Sie eine Kreuzfahrt ab Doha und tauchen<span class=\"ellipsis\">&hellip;<\/span><\/p>\n<div class=\"read-more\"><a href=\"https:\/\/www.schiffs-rabatte.de\/msc\/kreuzfahrten-ab\/kreuzfahrten-ab-doha\/\">Weiterlesen \u203a<\/a><\/div>\n<p><!-- end of .read-more --><\/p>\n","protected":false},"author":1,"featured_media":0,"parent":65,"menu_order":0,"comment_status":"closed","ping_status":"closed","template":"elementor_header_footer","meta":{"footnotes":""},"class_list":["post-150","page","type-page","status-publish","hentry"],"yoast_head":"<!-- This site is optimized with the Yoast SEO plugin v25.3.1 - https:\/\/yoast.com\/wordpress\/plugins\/seo\/ -->\n<title>&#187; MSC Kreuzfahrten mit 5% Bonus auf Schiffs-Rabatte.de - ONLINE BUCHEN<\/title>\n<meta name=\"robots\" content=\"index, follow, max-snippet:-1, max-image-preview:large, max-video-preview:-1\" \/>\n<link rel=\"canonical\" href=\"https:\/\/www.schiffs-rabatte.de\/msc\/kreuzfahrten-ab\/kreuzfahrten-ab-doha\/\" \/>\n<meta property=\"og:locale\" content=\"de_DE\" \/>\n<meta property=\"og:type\" content=\"article\" \/>\n<meta property=\"og:title\" content=\"&#187; MSC Kreuzfahrten mit 5% Bonus auf Schiffs-Rabatte.de - ONLINE BUCHEN\" \/>\n<meta property=\"og:description\" content=\"MSC KREUZFAHRTEN AB DOHA Doha ist ein moderner und aufstrebender Kreuzfahrthafen in Katar. Von hier aus k\u00f6nnen Sie zu arabischen Kreuzfahrten im Persischen Golf und entlang der K\u00fcste der Arabischen Halbinsel aufbrechen. Erleben Sie eine Kreuzfahrt ab Doha und tauchen&hellip;Weiterlesen \u203a\" \/>\n<meta property=\"og:url\" content=\"https:\/\/www.schiffs-rabatte.de\/msc\/kreuzfahrten-ab\/kreuzfahrten-ab-doha\/\" \/>\n<meta property=\"og:site_name\" content=\"MSC Kreuzfahrten mit 5% Bonus auf Schiffs-Rabatte.de - ONLINE BUCHEN\" \/>\n<meta property=\"article:publisher\" content=\"https:\/\/www.facebook.com\/SchiffsRabattede\" \/>\n<meta property=\"article:modified_time\" content=\"2023-05-24T07:19:26+00:00\" \/>\n<meta name=\"twitter:card\" content=\"summary_large_image\" \/>\n<meta name=\"twitter:label1\" content=\"Gesch\u00e4tzte Lesezeit\" \/>\n\t<meta name=\"twitter:data1\" content=\"1\u00a0Minute\" \/>\n<script type=\"application\/ld+json\" class=\"yoast-schema-graph\">{\"@context\":\"https:\/\/schema.org\",\"@graph\":[{\"@type\":\"WebPage\",\"@id\":\"https:\/\/www.schiffs-rabatte.de\/msc\/kreuzfahrten-ab\/kreuzfahrten-ab-doha\/\",\"url\":\"https:\/\/www.schiffs-rabatte.de\/msc\/kreuzfahrten-ab\/kreuzfahrten-ab-doha\/\",\"name\":\"&#187; MSC Kreuzfahrten mit 5% Bonus auf Schiffs-Rabatte.de - ONLINE BUCHEN\",\"isPartOf\":{\"@id\":\"https:\/\/www.schiffs-rabatte.de\/msc\/#website\"},\"datePublished\":\"2023-05-24T07:19:16+00:00\",\"dateModified\":\"2023-05-24T07:19:26+00:00\",\"breadcrumb\":{\"@id\":\"https:\/\/www.schiffs-rabatte.de\/msc\/kreuzfahrten-ab\/kreuzfahrten-ab-doha\/#breadcrumb\"},\"inLanguage\":\"de\",\"potentialAction\":[{\"@type\":\"ReadAction\",\"target\":[\"https:\/\/www.schiffs-rabatte.de\/msc\/kreuzfahrten-ab\/kreuzfahrten-ab-doha\/\"]}]},{\"@type\":\"BreadcrumbList\",\"@id\":\"https:\/\/www.schiffs-rabatte.de\/msc\/kreuzfahrten-ab\/kreuzfahrten-ab-doha\/#breadcrumb\",\"itemListElement\":[{\"@type\":\"ListItem\",\"position\":1,\"name\":\"Startseite\",\"item\":\"https:\/\/www.schiffs-rabatte.de\/msc\/\"},{\"@type\":\"ListItem\",\"position\":2,\"name\":\"Kreuzfahrten ab\",\"item\":\"https:\/\/www.schiffs-rabatte.de\/msc\/kreuzfahrten-ab\/\"},{\"@type\":\"ListItem\",\"position\":3,\"name\":\"Kreuzfahrten ab Doha\"}]},{\"@type\":\"WebSite\",\"@id\":\"https:\/\/www.schiffs-rabatte.de\/msc\/#website\",\"url\":\"https:\/\/www.schiffs-rabatte.de\/msc\/\",\"name\":\"MSC Kreuzfahrten mit 5% Bonus bei Schiffs-Rabatte.de\",\"description\":\"JETZT AUF SCHIFFS-RABATTE.de  - BUCHEN\",\"publisher\":{\"@id\":\"https:\/\/www.schiffs-rabatte.de\/msc\/#organization\"},\"potentialAction\":[{\"@type\":\"SearchAction\",\"target\":{\"@type\":\"EntryPoint\",\"urlTemplate\":\"https:\/\/www.schiffs-rabatte.de\/msc\/?s={search_term_string}\"},\"query-input\":{\"@type\":\"PropertyValueSpecification\",\"valueRequired\":true,\"valueName\":\"search_term_string\"}}],\"inLanguage\":\"de\"},{\"@type\":\"Organization\",\"@id\":\"https:\/\/www.schiffs-rabatte.de\/msc\/#organization\",\"name\":\"MSC Kreuzfahrten mit 5% Bonus bei Schiffs-Rabatte.de\",\"url\":\"https:\/\/www.schiffs-rabatte.de\/msc\/\",\"logo\":{\"@type\":\"ImageObject\",\"inLanguage\":\"de\",\"@id\":\"https:\/\/www.schiffs-rabatte.de\/msc\/#\/schema\/logo\/image\/\",\"url\":\"https:\/\/schiffs-rabatte.de\/msc\/wp-content\/uploads\/2023\/03\/cropped-cropped-SchiffsRabatte-Logo-quer-positiv-RGB.png\",\"contentUrl\":\"https:\/\/schiffs-rabatte.de\/msc\/wp-content\/uploads\/2023\/03\/cropped-cropped-SchiffsRabatte-Logo-quer-positiv-RGB.png\",\"width\":900,\"height\":191,\"caption\":\"MSC Kreuzfahrten mit 5% Bonus bei Schiffs-Rabatte.de\"},\"image\":{\"@id\":\"https:\/\/www.schiffs-rabatte.de\/msc\/#\/schema\/logo\/image\/\"},\"sameAs\":[\"https:\/\/www.facebook.com\/SchiffsRabattede\",\"https:\/\/www.instagram.com\/schiffsrabatte\/\"]}]}<\/script>\n<!-- \/ Yoast SEO plugin. -->","yoast_head_json":{"title":"&#187; MSC Kreuzfahrten mit 5% Bonus auf Schiffs-Rabatte.de - ONLINE BUCHEN","robots":{"index":"index","follow":"follow","max-snippet":"max-snippet:-1","max-image-preview":"max-image-preview:large","max-video-preview":"max-video-preview:-1"},"canonical":"https:\/\/www.schiffs-rabatte.de\/msc\/kreuzfahrten-ab\/kreuzfahrten-ab-doha\/","og_locale":"de_DE","og_type":"article","og_title":"&#187; MSC Kreuzfahrten mit 5% Bonus auf Schiffs-Rabatte.de - ONLINE BUCHEN","og_description":"MSC KREUZFAHRTEN AB DOHA Doha ist ein moderner und aufstrebender Kreuzfahrthafen in Katar. Von hier aus k\u00f6nnen Sie zu arabischen Kreuzfahrten im Persischen Golf und entlang der K\u00fcste der Arabischen Halbinsel aufbrechen. Erleben Sie eine Kreuzfahrt ab Doha und tauchen&hellip;Weiterlesen \u203a","og_url":"https:\/\/www.schiffs-rabatte.de\/msc\/kreuzfahrten-ab\/kreuzfahrten-ab-doha\/","og_site_name":"MSC Kreuzfahrten mit 5% Bonus auf Schiffs-Rabatte.de - ONLINE BUCHEN","article_publisher":"https:\/\/www.facebook.com\/SchiffsRabattede","article_modified_time":"2023-05-24T07:19:26+00:00","twitter_card":"summary_large_image","twitter_misc":{"Gesch\u00e4tzte Lesezeit":"1\u00a0Minute"},"schema":{"@context":"https:\/\/schema.org","@graph":[{"@type":"WebPage","@id":"https:\/\/www.schiffs-rabatte.de\/msc\/kreuzfahrten-ab\/kreuzfahrten-ab-doha\/","url":"https:\/\/www.schiffs-rabatte.de\/msc\/kreuzfahrten-ab\/kreuzfahrten-ab-doha\/","name":"&#187; MSC Kreuzfahrten mit 5% Bonus auf Schiffs-Rabatte.de - ONLINE BUCHEN","isPartOf":{"@id":"https:\/\/www.schiffs-rabatte.de\/msc\/#website"},"datePublished":"2023-05-24T07:19:16+00:00","dateModified":"2023-05-24T07:19:26+00:00","breadcrumb":{"@id":"https:\/\/www.schiffs-rabatte.de\/msc\/kreuzfahrten-ab\/kreuzfahrten-ab-doha\/#breadcrumb"},"inLanguage":"de","potentialAction":[{"@type":"ReadAction","target":["https:\/\/www.schiffs-rabatte.de\/msc\/kreuzfahrten-ab\/kreuzfahrten-ab-doha\/"]}]},{"@type":"BreadcrumbList","@id":"https:\/\/www.schiffs-rabatte.de\/msc\/kreuzfahrten-ab\/kreuzfahrten-ab-doha\/#breadcrumb","itemListElement":[{"@type":"ListItem","position":1,"name":"Startseite","item":"https:\/\/www.schiffs-rabatte.de\/msc\/"},{"@type":"ListItem","position":2,"name":"Kreuzfahrten ab","item":"https:\/\/www.schiffs-rabatte.de\/msc\/kreuzfahrten-ab\/"},{"@type":"ListItem","position":3,"name":"Kreuzfahrten ab Doha"}]},{"@type":"WebSite","@id":"https:\/\/www.schiffs-rabatte.de\/msc\/#website","url":"https:\/\/www.schiffs-rabatte.de\/msc\/","name":"MSC Kreuzfahrten mit 5% Bonus bei Schiffs-Rabatte.de","description":"JETZT AUF SCHIFFS-RABATTE.de  - BUCHEN","publisher":{"@id":"https:\/\/www.schiffs-rabatte.de\/msc\/#organization"},"potentialAction":[{"@type":"SearchAction","target":{"@type":"EntryPoint","urlTemplate":"https:\/\/www.schiffs-rabatte.de\/msc\/?s={search_term_string}"},"query-input":{"@type":"PropertyValueSpecification","valueRequired":true,"valueName":"search_term_string"}}],"inLanguage":"de"},{"@type":"Organization","@id":"https:\/\/www.schiffs-rabatte.de\/msc\/#organization","name":"MSC Kreuzfahrten mit 5% Bonus bei Schiffs-Rabatte.de","url":"https:\/\/www.schiffs-rabatte.de\/msc\/","logo":{"@type":"ImageObject","inLanguage":"de","@id":"https:\/\/www.schiffs-rabatte.de\/msc\/#\/schema\/logo\/image\/","url":"https:\/\/schiffs-rabatte.de\/msc\/wp-content\/uploads\/2023\/03\/cropped-cropped-SchiffsRabatte-Logo-quer-positiv-RGB.png","contentUrl":"https:\/\/schiffs-rabatte.de\/msc\/wp-content\/uploads\/2023\/03\/cropped-cropped-SchiffsRabatte-Logo-quer-positiv-RGB.png","width":900,"height":191,"caption":"MSC Kreuzfahrten mit 5% Bonus bei Schiffs-Rabatte.de"},"image":{"@id":"https:\/\/www.schiffs-rabatte.de\/msc\/#\/schema\/logo\/image\/"},"sameAs":["https:\/\/www.facebook.com\/SchiffsRabattede","https:\/\/www.instagram.com\/schiffsrabatte\/"]}]}},"_links":{"self":[{"href":"https:\/\/www.schiffs-rabatte.de\/msc\/wp-json\/wp\/v2\/pages\/150","targetHints":{"allow":["GET"]}}],"collection":[{"href":"https:\/\/www.schiffs-rabatte.de\/msc\/wp-json\/wp\/v2\/pages"}],"about":[{"href":"https:\/\/www.schiffs-rabatte.de\/msc\/wp-json\/wp\/v2\/types\/page"}],"author":[{"embeddable":true,"href":"https:\/\/www.schiffs-rabatte.de\/msc\/wp-json\/wp\/v2\/users\/1"}],"replies":[{"embeddable":true,"href":"https:\/\/www.schiffs-rabatte.de\/msc\/wp-json\/wp\/v2\/comments?post=150"}],"version-history":[{"count":4,"href":"https:\/\/www.schiffs-rabatte.de\/msc\/wp-json\/wp\/v2\/pages\/150\/revisions"}],"predecessor-version":[{"id":154,"href":"https:\/\/www.schiffs-rabatte.de\/msc\/wp-json\/wp\/v2\/pages\/150\/revisions\/154"}],"up":[{"embeddable":true,"href":"https:\/\/www.schiffs-rabatte.de\/msc\/wp-json\/wp\/v2\/pages\/65"}],"wp:attachment":[{"href":"https:\/\/www.schiffs-rabatte.de\/msc\/wp-json\/wp\/v2\/media?parent=150"}],"curies":[{"name":"wp","href":"https:\/\/api.w.org\/{rel}","templated":true}]}}