{"id":237,"date":"2023-05-24T09:02:05","date_gmt":"2023-05-24T09:02:05","guid":{"rendered":"https:\/\/msc.schiffs-rabatte.de\/?page_id=237"},"modified":"2025-09-04T13:25:42","modified_gmt":"2025-09-04T13:25:42","slug":"msc-yacht-club","status":"publish","type":"page","link":"https:\/\/www.schiffs-rabatte.de\/msc\/msc-yacht-club\/","title":{"rendered":"MSC YACHT CLUB"},"content":{"rendered":"\t\t<div data-elementor-type=\"wp-page\" data-elementor-id=\"237\" class=\"elementor elementor-237\">\n\t\t\t\t\t\t\t\t\t<section class=\"elementor-section elementor-top-section elementor-element elementor-element-2d7dcef elementor-section-boxed elementor-section-height-default elementor-section-height-default\" data-id=\"2d7dcef\" data-element_type=\"section\">\n\t\t\t\t\t\t<div class=\"elementor-container elementor-column-gap-default\">\n\t\t\t\t\t<div class=\"elementor-column elementor-col-100 elementor-top-column elementor-element elementor-element-91a0c19\" data-id=\"91a0c19\" data-element_type=\"column\">\n\t\t\t<div class=\"elementor-widget-wrap elementor-element-populated\">\n\t\t\t\t\t\t\t\t<div class=\"elementor-element elementor-element-d3981c1 elementor-widget elementor-widget-text-editor\" data-id=\"d3981c1\" data-element_type=\"widget\" data-widget_type=\"text-editor.default\">\n\t\t\t\t<div class=\"elementor-widget-container\">\n\t\t\t<style>\/*! elementor - v3.13.3 - 28-05-2023 *\/\n.elementor-widget-text-editor.elementor-drop-cap-view-stacked .elementor-drop-cap{background-color:#69727d;color:#fff}.elementor-widget-text-editor.elementor-drop-cap-view-framed .elementor-drop-cap{color:#69727d;border:3px solid;background-color:transparent}.elementor-widget-text-editor:not(.elementor-drop-cap-view-default) .elementor-drop-cap{margin-top:8px}.elementor-widget-text-editor:not(.elementor-drop-cap-view-default) .elementor-drop-cap-letter{width:1em;height:1em}.elementor-widget-text-editor .elementor-drop-cap{float:left;text-align:center;line-height:1;font-size:50px}.elementor-widget-text-editor .elementor-drop-cap-letter{display:inline-block}<\/style>\t\t\t\t<h1>MSC YACHT CLUB<\/h1><p>G\u00e4ste des MSC Yacht Club genie\u00dfen ein H\u00f6chstma\u00df an Komfort, Privatsph\u00e4re und personalisiertem Service. Unser einzigartiges \u201cSchiff-im-Schiff\u201d Konzept vereint den Luxus einer Privatyacht mit dem umfangreichen Angebot eines Kreuzfahrtschiffes.<\/p><p>Erstklassige Suiten mit einer kostenlosen Minibar, Memory-Foam Matratzen mit Bettw\u00e4sche aus \u00e4gyptischer Baumwolle und ein aufmerksamer Butler, der G\u00e4sten ihre W\u00fcnsche von den Augen abliest, sind nur der Anfang einer unvergesslichen Reise. <span style=\"text-decoration: underline;\"><a href=\"https:\/\/schiffs-rabatte.de\/msc\/der-msc-yacht-club\/\">&#8230;alles \u00fcber den MSC YACHT CLUB<\/a><\/span><\/p>\t\t\t\t\t\t<\/div>\n\t\t\t\t<\/div>\n\t\t\t\t\t<\/div>\n\t\t<\/div>\n\t\t\t\t\t\t\t<\/div>\n\t\t<\/section>\n\t\t\t\t<section class=\"elementor-section elementor-top-section elementor-element elementor-element-d4d5166 elementor-section-boxed elementor-section-height-default elementor-section-height-default\" data-id=\"d4d5166\" data-element_type=\"section\">\n\t\t\t\t\t\t<div class=\"elementor-container elementor-column-gap-default\">\n\t\t\t\t\t<div class=\"elementor-column elementor-col-100 elementor-top-column elementor-element elementor-element-375136b\" data-id=\"375136b\" data-element_type=\"column\">\n\t\t\t<div class=\"elementor-widget-wrap elementor-element-populated\">\n\t\t\t\t\t\t\t\t<div class=\"elementor-element elementor-element-40fcf84 elementor-blockquote--skin-border elementor-blockquote--button-color-official elementor-invisible elementor-widget elementor-widget-global elementor-global-1579 elementor-widget-blockquote\" data-id=\"40fcf84\" data-element_type=\"widget\" data-settings=\"{&quot;_animation&quot;:&quot;pulse&quot;}\" data-widget_type=\"blockquote.default\">\n\t\t\t\t<div class=\"elementor-widget-container\">\n\t\t\t<style>\/*! elementor-pro - v3.13.2 - 22-05-2023 *\/\n@charset \"UTF-8\";.entry-content blockquote.elementor-blockquote:not(.alignright):not(.alignleft),.entry-summary blockquote.elementor-blockquote{margin-right:0;margin-left:0}.elementor-widget-blockquote blockquote{margin:0;padding:0;outline:0;font-size:100%;vertical-align:baseline;background:transparent;quotes:none;border:0;font-style:normal;color:#3f444b}.elementor-widget-blockquote blockquote .e-q-footer:after,.elementor-widget-blockquote blockquote .e-q-footer:before,.elementor-widget-blockquote blockquote:after,.elementor-widget-blockquote blockquote:before,.elementor-widget-blockquote blockquote cite:after,.elementor-widget-blockquote blockquote cite:before{content:none}.elementor-blockquote{transition:.3s}.elementor-blockquote__author,.elementor-blockquote__content{margin-bottom:0;font-style:normal}.elementor-blockquote__author{font-weight:700}.elementor-blockquote .e-q-footer{margin-top:12px;display:flex;justify-content:space-between}.elementor-blockquote__tweet-button{display:flex;transition:.3s;color:#1da1f2;align-self:flex-end;line-height:1;position:relative;width:-moz-max-content;width:max-content}.elementor-blockquote__tweet-button:hover{color:#0967a0}.elementor-blockquote__tweet-button span{font-weight:600}.elementor-blockquote__tweet-button i,.elementor-blockquote__tweet-button span{vertical-align:middle}.elementor-blockquote__tweet-button i+span,.elementor-blockquote__tweet-button svg+span{margin-left:.5em}.elementor-blockquote__tweet-button svg{fill:#1da1f2;height:1em;width:1em}.elementor-blockquote__tweet-label{white-space:pre-wrap}.elementor-blockquote--button-skin-bubble .elementor-blockquote__tweet-button,.elementor-blockquote--button-skin-classic .elementor-blockquote__tweet-button{padding:.7em 1.2em;border-radius:100em;background-color:#1da1f2;color:#fff;font-size:15px}.elementor-blockquote--button-skin-bubble .elementor-blockquote__tweet-button:hover,.elementor-blockquote--button-skin-classic .elementor-blockquote__tweet-button:hover{background-color:#0967a0;color:#fff}.elementor-blockquote--button-skin-bubble .elementor-blockquote__tweet-button:hover:before,.elementor-blockquote--button-skin-classic .elementor-blockquote__tweet-button:hover:before{border-right-color:#0967a0}.elementor-blockquote--button-skin-bubble .elementor-blockquote__tweet-button svg,.elementor-blockquote--button-skin-classic .elementor-blockquote__tweet-button svg{fill:#fff;height:1em;width:1em}.elementor-blockquote--button-skin-bubble.elementor-blockquote--button-view-icon .elementor-blockquote__tweet-button,.elementor-blockquote--button-skin-classic.elementor-blockquote--button-view-icon .elementor-blockquote__tweet-button{padding:0;width:2em;height:2em}.elementor-blockquote--button-skin-bubble.elementor-blockquote--button-view-icon .elementor-blockquote__tweet-button i,.elementor-blockquote--button-skin-classic.elementor-blockquote--button-view-icon .elementor-blockquote__tweet-button i{position:absolute;left:50%;top:50%;transform:translate(-50%,-50%)}.elementor-blockquote--button-skin-bubble .elementor-blockquote__tweet-button:before{content:\"\";border:.5em solid transparent;border-right-color:#1da1f2;position:absolute;left:-.8em;top:50%;transform:translateY(-50%) scaleY(.65);transition:.3s}.elementor-blockquote--button-skin-bubble.elementor-blockquote--align-left .elementor-blockquote__tweet-button:before{right:auto;left:-.8em;border-right-color:#1da1f2;border-left-color:transparent}.elementor-blockquote--button-skin-bubble.elementor-blockquote--align-left .elementor-blockquote__tweet-button:hover:before{border-right-color:#0967a0}.elementor-blockquote--button-skin-bubble.elementor-blockquote--align-right .elementor-blockquote__tweet-button:before{left:auto;right:-.8em;border-right-color:transparent;border-left-color:#1da1f2}.elementor-blockquote--button-skin-bubble.elementor-blockquote--align-right .elementor-blockquote__tweet-button:hover:before{border-left-color:#0967a0}.elementor-blockquote--skin-boxed .elementor-blockquote{background-color:#f9fafa;padding:30px}.elementor-blockquote--skin-border .elementor-blockquote{border-color:#f9fafa;border-left:7px #f9fafa;border-style:solid;padding-left:20px}.elementor-blockquote--skin-quotation .elementor-blockquote:before{content:\"\u201c\";font-size:100px;color:#f9fafa;font-family:Times New Roman,Times,serif;font-weight:900;line-height:1;display:block;height:.6em}.elementor-blockquote--skin-quotation .elementor-blockquote__content{margin-top:15px}.elementor-blockquote--align-left .elementor-blockquote__content{text-align:left}.elementor-blockquote--align-left .elementor-blockquote .e-q-footer{flex-direction:row}.elementor-blockquote--align-right .elementor-blockquote__content{text-align:right}.elementor-blockquote--align-right .elementor-blockquote .e-q-footer{flex-direction:row-reverse}.elementor-blockquote--align-center .elementor-blockquote{text-align:center}.elementor-blockquote--align-center .elementor-blockquote .e-q-footer,.elementor-blockquote--align-center .elementor-blockquote__author{display:block}.elementor-blockquote--align-center .elementor-blockquote__tweet-button{margin-right:auto;margin-left:auto}<\/style>\t\t<blockquote class=\"elementor-blockquote\">\n\t\t\t<p class=\"elementor-blockquote__content\">\n\t\t\t\tWussten Sie, dass Sie mit unserem Angebot einer MSC Cruises Kreuzfahrt 5 % Cashback von uns erhalten?\nDar\u00fcber hinaus lassen sich auch Corporate-Benefits und Clubrabatte mit Ihrem Vorteil kombinieren.\t\t\t<\/p>\n\t\t\t\t\t\t\t<div class=\"e-q-footer\">\n\t\t\t\t\t\t\t\t\t\t\t<cite class=\"elementor-blockquote__author\">MSC mit Bordguthaben<\/cite>\n\t\t\t\t\t\t\t\t\t\t\t\t\t\t<\/div>\n\t\t\t\t\t<\/blockquote>\n\t\t\t\t<\/div>\n\t\t\t\t<\/div>\n\t\t\t\t\t<\/div>\n\t\t<\/div>\n\t\t\t\t\t\t\t<\/div>\n\t\t<\/section>\n\t\t\t\t<section class=\"elementor-section elementor-top-section elementor-element elementor-element-ab5d151 elementor-section-boxed elementor-section-height-default elementor-section-height-default\" data-id=\"ab5d151\" data-element_type=\"section\">\n\t\t\t\t\t\t<div class=\"elementor-container elementor-column-gap-default\">\n\t\t\t\t\t<div class=\"elementor-column elementor-col-100 elementor-top-column elementor-element elementor-element-af93d3e\" data-id=\"af93d3e\" data-element_type=\"column\">\n\t\t\t<div class=\"elementor-widget-wrap elementor-element-populated\">\n\t\t\t\t\t\t\t\t<div class=\"elementor-element elementor-element-8184781 elementor-widget elementor-widget-html\" data-id=\"8184781\" data-element_type=\"widget\" data-widget_type=\"html.default\">\n\t\t\t\t<div class=\"elementor-widget-container\">\n\t\t\t<iframe id=\"xtibe\" scrolling=\"no\" border=\"0\" src=\"https:\/\/mscibe.schiffs-rabatte.de\/de\/suche?cab=4&dur=6-9&f=f&red=15&sdt=3&sort=dauf&t=K&bdt=999\" seamless frameborder=\"0\" width=\"100%\"><\/iframe>\r\n\r\n<script type=\"text\/javascript\">\r\nvar first = true;\r\nwindow.addEventListener(\"message\", function (message) {\r\n\tswitch (message.data.action)\r\n\t{\r\n\t\tcase \"resize\":\r\n\t\t\tdocument.getElementById(\"xtibe\").style.height = message.data.height + \"px\";\r\n\t\t\tbreak;\r\n\r\n\t\tcase \"scroll\":\r\n\t\t\twindow.scrollBy(0, (message.data.top + document.getElementById(\"xtibe\").getBoundingClientRect().top));\r\n\t\t\tbreak;\r\n\r\n\t\tcase \"navigate\":\r\n\t\t\tif (first) {\r\n\t\t\t\tfirst = false;\r\n\t\t\t} else {\r\n\t\t\t\twindow.scrollBy(0, document.getElementById(\"xtibe\").getBoundingClientRect().top);\r\n\t\t\t}\r\n\t\t\tbreak;\r\n\t}\r\n}, false);\r\n<\/script>\t\t<\/div>\n\t\t\t\t<\/div>\n\t\t\t\t\t<\/div>\n\t\t<\/div>\n\t\t\t\t\t\t\t<\/div>\n\t\t<\/section>\n\t\t\t\t\t\t\t<\/div>\n\t\t","protected":false},"excerpt":{"rendered":"<p>MSC YACHT CLUB G\u00e4ste des MSC Yacht Club genie\u00dfen ein H\u00f6chstma\u00df an Komfort, Privatsph\u00e4re und personalisiertem Service. Unser einzigartiges \u201cSchiff-im-Schiff\u201d Konzept vereint den Luxus einer Privatyacht mit dem umfangreichen Angebot eines Kreuzfahrtschiffes. Erstklassige Suiten mit einer kostenlosen Minibar, Memory-Foam Matratzen<span class=\"ellipsis\">&hellip;<\/span><\/p>\n<div class=\"read-more\"><a href=\"https:\/\/www.schiffs-rabatte.de\/msc\/msc-yacht-club\/\">Weiterlesen \u203a<\/a><\/div>\n<p><!-- end of .read-more --><\/p>\n","protected":false},"author":1,"featured_media":0,"parent":0,"menu_order":0,"comment_status":"closed","ping_status":"closed","template":"elementor_header_footer","meta":{"footnotes":""},"class_list":["post-237","page","type-page","status-publish","hentry"],"yoast_head":"<!-- This site is optimized with the Yoast SEO plugin v25.3.1 - https:\/\/yoast.com\/wordpress\/plugins\/seo\/ -->\n<title>&#187; MSC Kreuzfahrten mit 5% Bonus auf Schiffs-Rabatte.de - ONLINE BUCHEN<\/title>\n<meta name=\"robots\" content=\"index, follow, max-snippet:-1, max-image-preview:large, max-video-preview:-1\" \/>\n<link rel=\"canonical\" href=\"https:\/\/www.schiffs-rabatte.de\/msc\/msc-yacht-club\/\" \/>\n<meta property=\"og:locale\" content=\"de_DE\" \/>\n<meta property=\"og:type\" content=\"article\" \/>\n<meta property=\"og:title\" content=\"&#187; MSC Kreuzfahrten mit 5% Bonus auf Schiffs-Rabatte.de - ONLINE BUCHEN\" \/>\n<meta property=\"og:description\" content=\"MSC YACHT CLUB G\u00e4ste des MSC Yacht Club genie\u00dfen ein H\u00f6chstma\u00df an Komfort, Privatsph\u00e4re und personalisiertem Service. Unser einzigartiges \u201cSchiff-im-Schiff\u201d Konzept vereint den Luxus einer Privatyacht mit dem umfangreichen Angebot eines Kreuzfahrtschiffes. Erstklassige Suiten mit einer kostenlosen Minibar, Memory-Foam Matratzen&hellip;Weiterlesen \u203a\" \/>\n<meta property=\"og:url\" content=\"https:\/\/www.schiffs-rabatte.de\/msc\/msc-yacht-club\/\" \/>\n<meta property=\"og:site_name\" content=\"MSC Kreuzfahrten mit 5% Bonus auf Schiffs-Rabatte.de - ONLINE BUCHEN\" \/>\n<meta property=\"article:publisher\" content=\"https:\/\/www.facebook.com\/SchiffsRabattede\" \/>\n<meta property=\"article:modified_time\" content=\"2025-09-04T13:25:42+00:00\" \/>\n<meta name=\"twitter:card\" content=\"summary_large_image\" \/>\n<meta name=\"twitter:label1\" content=\"Gesch\u00e4tzte Lesezeit\" \/>\n\t<meta name=\"twitter:data1\" content=\"1\u00a0Minute\" \/>\n<script type=\"application\/ld+json\" class=\"yoast-schema-graph\">{\"@context\":\"https:\/\/schema.org\",\"@graph\":[{\"@type\":\"WebPage\",\"@id\":\"https:\/\/www.schiffs-rabatte.de\/msc\/msc-yacht-club\/\",\"url\":\"https:\/\/www.schiffs-rabatte.de\/msc\/msc-yacht-club\/\",\"name\":\"&#187; MSC Kreuzfahrten mit 5% Bonus auf Schiffs-Rabatte.de - ONLINE BUCHEN\",\"isPartOf\":{\"@id\":\"https:\/\/www.schiffs-rabatte.de\/msc\/#website\"},\"datePublished\":\"2023-05-24T09:02:05+00:00\",\"dateModified\":\"2025-09-04T13:25:42+00:00\",\"breadcrumb\":{\"@id\":\"https:\/\/www.schiffs-rabatte.de\/msc\/msc-yacht-club\/#breadcrumb\"},\"inLanguage\":\"de\",\"potentialAction\":[{\"@type\":\"ReadAction\",\"target\":[\"https:\/\/www.schiffs-rabatte.de\/msc\/msc-yacht-club\/\"]}]},{\"@type\":\"BreadcrumbList\",\"@id\":\"https:\/\/www.schiffs-rabatte.de\/msc\/msc-yacht-club\/#breadcrumb\",\"itemListElement\":[{\"@type\":\"ListItem\",\"position\":1,\"name\":\"Startseite\",\"item\":\"https:\/\/www.schiffs-rabatte.de\/msc\/\"},{\"@type\":\"ListItem\",\"position\":2,\"name\":\"MSC YACHT CLUB\"}]},{\"@type\":\"WebSite\",\"@id\":\"https:\/\/www.schiffs-rabatte.de\/msc\/#website\",\"url\":\"https:\/\/www.schiffs-rabatte.de\/msc\/\",\"name\":\"MSC Kreuzfahrten mit 5% Bonus bei Schiffs-Rabatte.de\",\"description\":\"JETZT AUF SCHIFFS-RABATTE.de  - BUCHEN\",\"publisher\":{\"@id\":\"https:\/\/www.schiffs-rabatte.de\/msc\/#organization\"},\"potentialAction\":[{\"@type\":\"SearchAction\",\"target\":{\"@type\":\"EntryPoint\",\"urlTemplate\":\"https:\/\/www.schiffs-rabatte.de\/msc\/?s={search_term_string}\"},\"query-input\":{\"@type\":\"PropertyValueSpecification\",\"valueRequired\":true,\"valueName\":\"search_term_string\"}}],\"inLanguage\":\"de\"},{\"@type\":\"Organization\",\"@id\":\"https:\/\/www.schiffs-rabatte.de\/msc\/#organization\",\"name\":\"MSC Kreuzfahrten mit 5% Bonus bei Schiffs-Rabatte.de\",\"url\":\"https:\/\/www.schiffs-rabatte.de\/msc\/\",\"logo\":{\"@type\":\"ImageObject\",\"inLanguage\":\"de\",\"@id\":\"https:\/\/www.schiffs-rabatte.de\/msc\/#\/schema\/logo\/image\/\",\"url\":\"https:\/\/schiffs-rabatte.de\/msc\/wp-content\/uploads\/2023\/03\/cropped-cropped-SchiffsRabatte-Logo-quer-positiv-RGB.png\",\"contentUrl\":\"https:\/\/schiffs-rabatte.de\/msc\/wp-content\/uploads\/2023\/03\/cropped-cropped-SchiffsRabatte-Logo-quer-positiv-RGB.png\",\"width\":900,\"height\":191,\"caption\":\"MSC Kreuzfahrten mit 5% Bonus bei Schiffs-Rabatte.de\"},\"image\":{\"@id\":\"https:\/\/www.schiffs-rabatte.de\/msc\/#\/schema\/logo\/image\/\"},\"sameAs\":[\"https:\/\/www.facebook.com\/SchiffsRabattede\",\"https:\/\/www.instagram.com\/schiffsrabatte\/\"]}]}<\/script>\n<!-- \/ Yoast SEO plugin. -->","yoast_head_json":{"title":"&#187; MSC Kreuzfahrten mit 5% Bonus auf Schiffs-Rabatte.de - ONLINE BUCHEN","robots":{"index":"index","follow":"follow","max-snippet":"max-snippet:-1","max-image-preview":"max-image-preview:large","max-video-preview":"max-video-preview:-1"},"canonical":"https:\/\/www.schiffs-rabatte.de\/msc\/msc-yacht-club\/","og_locale":"de_DE","og_type":"article","og_title":"&#187; MSC Kreuzfahrten mit 5% Bonus auf Schiffs-Rabatte.de - ONLINE BUCHEN","og_description":"MSC YACHT CLUB G\u00e4ste des MSC Yacht Club genie\u00dfen ein H\u00f6chstma\u00df an Komfort, Privatsph\u00e4re und personalisiertem Service. Unser einzigartiges \u201cSchiff-im-Schiff\u201d Konzept vereint den Luxus einer Privatyacht mit dem umfangreichen Angebot eines Kreuzfahrtschiffes. Erstklassige Suiten mit einer kostenlosen Minibar, Memory-Foam Matratzen&hellip;Weiterlesen \u203a","og_url":"https:\/\/www.schiffs-rabatte.de\/msc\/msc-yacht-club\/","og_site_name":"MSC Kreuzfahrten mit 5% Bonus auf Schiffs-Rabatte.de - ONLINE BUCHEN","article_publisher":"https:\/\/www.facebook.com\/SchiffsRabattede","article_modified_time":"2025-09-04T13:25:42+00:00","twitter_card":"summary_large_image","twitter_misc":{"Gesch\u00e4tzte Lesezeit":"1\u00a0Minute"},"schema":{"@context":"https:\/\/schema.org","@graph":[{"@type":"WebPage","@id":"https:\/\/www.schiffs-rabatte.de\/msc\/msc-yacht-club\/","url":"https:\/\/www.schiffs-rabatte.de\/msc\/msc-yacht-club\/","name":"&#187; MSC Kreuzfahrten mit 5% Bonus auf Schiffs-Rabatte.de - ONLINE BUCHEN","isPartOf":{"@id":"https:\/\/www.schiffs-rabatte.de\/msc\/#website"},"datePublished":"2023-05-24T09:02:05+00:00","dateModified":"2025-09-04T13:25:42+00:00","breadcrumb":{"@id":"https:\/\/www.schiffs-rabatte.de\/msc\/msc-yacht-club\/#breadcrumb"},"inLanguage":"de","potentialAction":[{"@type":"ReadAction","target":["https:\/\/www.schiffs-rabatte.de\/msc\/msc-yacht-club\/"]}]},{"@type":"BreadcrumbList","@id":"https:\/\/www.schiffs-rabatte.de\/msc\/msc-yacht-club\/#breadcrumb","itemListElement":[{"@type":"ListItem","position":1,"name":"Startseite","item":"https:\/\/www.schiffs-rabatte.de\/msc\/"},{"@type":"ListItem","position":2,"name":"MSC YACHT CLUB"}]},{"@type":"WebSite","@id":"https:\/\/www.schiffs-rabatte.de\/msc\/#website","url":"https:\/\/www.schiffs-rabatte.de\/msc\/","name":"MSC Kreuzfahrten mit 5% Bonus bei Schiffs-Rabatte.de","description":"JETZT AUF SCHIFFS-RABATTE.de  - BUCHEN","publisher":{"@id":"https:\/\/www.schiffs-rabatte.de\/msc\/#organization"},"potentialAction":[{"@type":"SearchAction","target":{"@type":"EntryPoint","urlTemplate":"https:\/\/www.schiffs-rabatte.de\/msc\/?s={search_term_string}"},"query-input":{"@type":"PropertyValueSpecification","valueRequired":true,"valueName":"search_term_string"}}],"inLanguage":"de"},{"@type":"Organization","@id":"https:\/\/www.schiffs-rabatte.de\/msc\/#organization","name":"MSC Kreuzfahrten mit 5% Bonus bei Schiffs-Rabatte.de","url":"https:\/\/www.schiffs-rabatte.de\/msc\/","logo":{"@type":"ImageObject","inLanguage":"de","@id":"https:\/\/www.schiffs-rabatte.de\/msc\/#\/schema\/logo\/image\/","url":"https:\/\/schiffs-rabatte.de\/msc\/wp-content\/uploads\/2023\/03\/cropped-cropped-SchiffsRabatte-Logo-quer-positiv-RGB.png","contentUrl":"https:\/\/schiffs-rabatte.de\/msc\/wp-content\/uploads\/2023\/03\/cropped-cropped-SchiffsRabatte-Logo-quer-positiv-RGB.png","width":900,"height":191,"caption":"MSC Kreuzfahrten mit 5% Bonus bei Schiffs-Rabatte.de"},"image":{"@id":"https:\/\/www.schiffs-rabatte.de\/msc\/#\/schema\/logo\/image\/"},"sameAs":["https:\/\/www.facebook.com\/SchiffsRabattede","https:\/\/www.instagram.com\/schiffsrabatte\/"]}]}},"_links":{"self":[{"href":"https:\/\/www.schiffs-rabatte.de\/msc\/wp-json\/wp\/v2\/pages\/237","targetHints":{"allow":["GET"]}}],"collection":[{"href":"https:\/\/www.schiffs-rabatte.de\/msc\/wp-json\/wp\/v2\/pages"}],"about":[{"href":"https:\/\/www.schiffs-rabatte.de\/msc\/wp-json\/wp\/v2\/types\/page"}],"author":[{"embeddable":true,"href":"https:\/\/www.schiffs-rabatte.de\/msc\/wp-json\/wp\/v2\/users\/1"}],"replies":[{"embeddable":true,"href":"https:\/\/www.schiffs-rabatte.de\/msc\/wp-json\/wp\/v2\/comments?post=237"}],"version-history":[{"count":16,"href":"https:\/\/www.schiffs-rabatte.de\/msc\/wp-json\/wp\/v2\/pages\/237\/revisions"}],"predecessor-version":[{"id":1648,"href":"https:\/\/www.schiffs-rabatte.de\/msc\/wp-json\/wp\/v2\/pages\/237\/revisions\/1648"}],"wp:attachment":[{"href":"https:\/\/www.schiffs-rabatte.de\/msc\/wp-json\/wp\/v2\/media?parent=237"}],"curies":[{"name":"wp","href":"https:\/\/api.w.org\/{rel}","templated":true}]}}