{"id":580,"date":"2023-05-26T09:10:33","date_gmt":"2023-05-26T09:10:33","guid":{"rendered":"https:\/\/msc.schiffs-rabatte.de\/?page_id=580"},"modified":"2025-09-06T13:07:36","modified_gmt":"2025-09-06T13:07:36","slug":"msc-grandiosa","status":"publish","type":"page","link":"https:\/\/www.schiffs-rabatte.de\/msc\/msc_kreuzfahrten\/msc-grandiosa\/","title":{"rendered":"MSC GRANDIOSA"},"content":{"rendered":"\t\t<div data-elementor-type=\"wp-page\" data-elementor-id=\"580\" class=\"elementor elementor-580\">\n\t\t\t\t\t\t\t\t\t<section class=\"elementor-section elementor-top-section elementor-element elementor-element-732cfb6 elementor-section-boxed elementor-section-height-default elementor-section-height-default\" data-id=\"732cfb6\" data-element_type=\"section\">\n\t\t\t\t\t\t<div class=\"elementor-container elementor-column-gap-default\">\n\t\t\t\t\t<div class=\"elementor-column elementor-col-100 elementor-top-column elementor-element elementor-element-ab31085\" data-id=\"ab31085\" data-element_type=\"column\">\n\t\t\t<div class=\"elementor-widget-wrap elementor-element-populated\">\n\t\t\t\t\t\t\t\t<div class=\"elementor-element elementor-element-e6fb030 elementor-widget elementor-widget-text-editor\" data-id=\"e6fb030\" data-element_type=\"widget\" data-widget_type=\"text-editor.default\">\n\t\t\t\t<div class=\"elementor-widget-container\">\n\t\t\t<style>\/*! elementor - v3.13.3 - 28-05-2023 *\/\n.elementor-widget-text-editor.elementor-drop-cap-view-stacked .elementor-drop-cap{background-color:#69727d;color:#fff}.elementor-widget-text-editor.elementor-drop-cap-view-framed .elementor-drop-cap{color:#69727d;border:3px solid;background-color:transparent}.elementor-widget-text-editor:not(.elementor-drop-cap-view-default) .elementor-drop-cap{margin-top:8px}.elementor-widget-text-editor:not(.elementor-drop-cap-view-default) .elementor-drop-cap-letter{width:1em;height:1em}.elementor-widget-text-editor .elementor-drop-cap{float:left;text-align:center;line-height:1;font-size:50px}.elementor-widget-text-editor .elementor-drop-cap-letter{display:inline-block}<\/style>\t\t\t\t<h1>MSC GRANDIOSA<\/h1><p>Die MSC Grandiosa ist ein beeindruckendes Kreuzfahrtschiff mit Platz f\u00fcr \u00fcber 6.300 G\u00e4ste. Es bietet elegante und stilvolle Kabinen sowie eine breite Palette von Restaurants, in denen G\u00e4ste kulinarische K\u00f6stlichkeiten aus aller Welt genie\u00dfen k\u00f6nnen.<\/p><p>Die innovative MSC for Me-Technologie erm\u00f6glicht ein nahtloses Erlebnis an Bord, mit personalisierten Empfehlungen und einfachen Buchungen von Aktivit\u00e4ten. Von spektakul\u00e4ren Shows im Broadway-Stil \u00fcber ein Casino bis hin zu einem beeindruckenden Innenpool mit LED-Kuppel bietet die MSC Grandiosa eine F\u00fclle an Unterhaltungsm\u00f6glichkeiten.<\/p>\t\t\t\t\t\t<\/div>\n\t\t\t\t<\/div>\n\t\t\t\t\t<\/div>\n\t\t<\/div>\n\t\t\t\t\t\t\t<\/div>\n\t\t<\/section>\n\t\t\t\t<section class=\"elementor-section elementor-top-section elementor-element elementor-element-da37352 elementor-section-boxed elementor-section-height-default elementor-section-height-default\" data-id=\"da37352\" data-element_type=\"section\">\n\t\t\t\t\t\t<div class=\"elementor-container elementor-column-gap-default\">\n\t\t\t\t\t<div class=\"elementor-column elementor-col-100 elementor-top-column elementor-element elementor-element-e95a28b\" data-id=\"e95a28b\" data-element_type=\"column\">\n\t\t\t<div class=\"elementor-widget-wrap elementor-element-populated\">\n\t\t\t\t\t\t\t\t<div class=\"elementor-element elementor-element-5292f39 elementor-blockquote--skin-border elementor-blockquote--button-color-official elementor-invisible elementor-widget elementor-widget-global elementor-global-1579 elementor-widget-blockquote\" data-id=\"5292f39\" data-element_type=\"widget\" data-settings=\"{&quot;_animation&quot;:&quot;pulse&quot;}\" data-widget_type=\"blockquote.default\">\n\t\t\t\t<div class=\"elementor-widget-container\">\n\t\t\t<style>\/*! elementor-pro - v3.13.2 - 22-05-2023 *\/\n@charset \"UTF-8\";.entry-content blockquote.elementor-blockquote:not(.alignright):not(.alignleft),.entry-summary blockquote.elementor-blockquote{margin-right:0;margin-left:0}.elementor-widget-blockquote blockquote{margin:0;padding:0;outline:0;font-size:100%;vertical-align:baseline;background:transparent;quotes:none;border:0;font-style:normal;color:#3f444b}.elementor-widget-blockquote blockquote .e-q-footer:after,.elementor-widget-blockquote blockquote .e-q-footer:before,.elementor-widget-blockquote blockquote:after,.elementor-widget-blockquote blockquote:before,.elementor-widget-blockquote blockquote cite:after,.elementor-widget-blockquote blockquote cite:before{content:none}.elementor-blockquote{transition:.3s}.elementor-blockquote__author,.elementor-blockquote__content{margin-bottom:0;font-style:normal}.elementor-blockquote__author{font-weight:700}.elementor-blockquote .e-q-footer{margin-top:12px;display:flex;justify-content:space-between}.elementor-blockquote__tweet-button{display:flex;transition:.3s;color:#1da1f2;align-self:flex-end;line-height:1;position:relative;width:-moz-max-content;width:max-content}.elementor-blockquote__tweet-button:hover{color:#0967a0}.elementor-blockquote__tweet-button span{font-weight:600}.elementor-blockquote__tweet-button i,.elementor-blockquote__tweet-button span{vertical-align:middle}.elementor-blockquote__tweet-button i+span,.elementor-blockquote__tweet-button svg+span{margin-left:.5em}.elementor-blockquote__tweet-button svg{fill:#1da1f2;height:1em;width:1em}.elementor-blockquote__tweet-label{white-space:pre-wrap}.elementor-blockquote--button-skin-bubble .elementor-blockquote__tweet-button,.elementor-blockquote--button-skin-classic .elementor-blockquote__tweet-button{padding:.7em 1.2em;border-radius:100em;background-color:#1da1f2;color:#fff;font-size:15px}.elementor-blockquote--button-skin-bubble .elementor-blockquote__tweet-button:hover,.elementor-blockquote--button-skin-classic .elementor-blockquote__tweet-button:hover{background-color:#0967a0;color:#fff}.elementor-blockquote--button-skin-bubble .elementor-blockquote__tweet-button:hover:before,.elementor-blockquote--button-skin-classic .elementor-blockquote__tweet-button:hover:before{border-right-color:#0967a0}.elementor-blockquote--button-skin-bubble .elementor-blockquote__tweet-button svg,.elementor-blockquote--button-skin-classic .elementor-blockquote__tweet-button svg{fill:#fff;height:1em;width:1em}.elementor-blockquote--button-skin-bubble.elementor-blockquote--button-view-icon .elementor-blockquote__tweet-button,.elementor-blockquote--button-skin-classic.elementor-blockquote--button-view-icon .elementor-blockquote__tweet-button{padding:0;width:2em;height:2em}.elementor-blockquote--button-skin-bubble.elementor-blockquote--button-view-icon .elementor-blockquote__tweet-button i,.elementor-blockquote--button-skin-classic.elementor-blockquote--button-view-icon .elementor-blockquote__tweet-button i{position:absolute;left:50%;top:50%;transform:translate(-50%,-50%)}.elementor-blockquote--button-skin-bubble .elementor-blockquote__tweet-button:before{content:\"\";border:.5em solid transparent;border-right-color:#1da1f2;position:absolute;left:-.8em;top:50%;transform:translateY(-50%) scaleY(.65);transition:.3s}.elementor-blockquote--button-skin-bubble.elementor-blockquote--align-left .elementor-blockquote__tweet-button:before{right:auto;left:-.8em;border-right-color:#1da1f2;border-left-color:transparent}.elementor-blockquote--button-skin-bubble.elementor-blockquote--align-left .elementor-blockquote__tweet-button:hover:before{border-right-color:#0967a0}.elementor-blockquote--button-skin-bubble.elementor-blockquote--align-right .elementor-blockquote__tweet-button:before{left:auto;right:-.8em;border-right-color:transparent;border-left-color:#1da1f2}.elementor-blockquote--button-skin-bubble.elementor-blockquote--align-right .elementor-blockquote__tweet-button:hover:before{border-left-color:#0967a0}.elementor-blockquote--skin-boxed .elementor-blockquote{background-color:#f9fafa;padding:30px}.elementor-blockquote--skin-border .elementor-blockquote{border-color:#f9fafa;border-left:7px #f9fafa;border-style:solid;padding-left:20px}.elementor-blockquote--skin-quotation .elementor-blockquote:before{content:\"\u201c\";font-size:100px;color:#f9fafa;font-family:Times New Roman,Times,serif;font-weight:900;line-height:1;display:block;height:.6em}.elementor-blockquote--skin-quotation .elementor-blockquote__content{margin-top:15px}.elementor-blockquote--align-left .elementor-blockquote__content{text-align:left}.elementor-blockquote--align-left .elementor-blockquote .e-q-footer{flex-direction:row}.elementor-blockquote--align-right .elementor-blockquote__content{text-align:right}.elementor-blockquote--align-right .elementor-blockquote .e-q-footer{flex-direction:row-reverse}.elementor-blockquote--align-center .elementor-blockquote{text-align:center}.elementor-blockquote--align-center .elementor-blockquote .e-q-footer,.elementor-blockquote--align-center .elementor-blockquote__author{display:block}.elementor-blockquote--align-center .elementor-blockquote__tweet-button{margin-right:auto;margin-left:auto}<\/style>\t\t<blockquote class=\"elementor-blockquote\">\n\t\t\t<p class=\"elementor-blockquote__content\">\n\t\t\t\tWussten Sie, dass Sie mit unserem Angebot einer MSC Cruises Kreuzfahrt 5 % Cashback von uns erhalten?\nDar\u00fcber hinaus lassen sich auch Corporate-Benefits und Clubrabatte mit Ihrem Vorteil kombinieren.\t\t\t<\/p>\n\t\t\t\t\t\t\t<div class=\"e-q-footer\">\n\t\t\t\t\t\t\t\t\t\t\t<cite class=\"elementor-blockquote__author\">MSC mit Bordguthaben<\/cite>\n\t\t\t\t\t\t\t\t\t\t\t\t\t\t<\/div>\n\t\t\t\t\t<\/blockquote>\n\t\t\t\t<\/div>\n\t\t\t\t<\/div>\n\t\t\t\t\t<\/div>\n\t\t<\/div>\n\t\t\t\t\t\t\t<\/div>\n\t\t<\/section>\n\t\t\t\t<section class=\"elementor-section elementor-top-section elementor-element elementor-element-0f86acb elementor-section-boxed elementor-section-height-default elementor-section-height-default\" data-id=\"0f86acb\" data-element_type=\"section\">\n\t\t\t\t\t\t<div class=\"elementor-container elementor-column-gap-default\">\n\t\t\t\t\t<div class=\"elementor-column elementor-col-100 elementor-top-column elementor-element elementor-element-edf3848\" data-id=\"edf3848\" data-element_type=\"column\">\n\t\t\t<div class=\"elementor-widget-wrap elementor-element-populated\">\n\t\t\t\t\t\t\t\t<div class=\"elementor-element elementor-element-6fd391a elementor-widget elementor-widget-html\" data-id=\"6fd391a\" data-element_type=\"widget\" data-widget_type=\"html.default\">\n\t\t\t\t<div class=\"elementor-widget-container\">\n\t\t\t<iframe loading=\"lazy\" id=\"xtibe\" src=\"\/\/mscibe.schiffs-rabatte.de\/?shipid=372&red=15&sdt=3&bdt=999&p=2\" width=\"100%\" height=\"500\" frameborder=\"0\" scrolling=\"no\" seamless border=\"0\"><\/iframe>\r\t\t<script type=\"text\/javascript\">\r\t\tvar first = true;\r\t\twindow.addEventListener(\"message\", function (message) {\r\t\t\tswitch (message.data.action)\r\t\t\t{\r\t\t\t\tcase \"resize\":\r\t\t\t\t\tdocument.getElementById(\"xtibe\").style.height = message.data.height + \"px\";\r\t\t\t\t\tbreak;\r\r\t\t\t\tcase \"scroll\":\r\t\t\t\t\twindow.scrollBy(0, (message.data.top + document.getElementById(\"xtibe\").getBoundingClientRect().top));\r\t\t\t\t\tbreak;\r\r\t\t\t\tcase \"navigate\":\r\t\t\t\t\tif (first) {\r\t\t\t\t\t\tfirst = false;\r\t\t\t\t\t} else {\r\t\t\t\t\t\twindow.scrollBy(0, document.getElementById(\"xtibe\").getBoundingClientRect().top);\r\t\t\t\t\t}\r\t\t\t\t\tbreak;\r\t\t\t}\r\t\t}, false);\r\t\t<\/script>\t\t<\/div>\n\t\t\t\t<\/div>\n\t\t\t\t\t<\/div>\n\t\t<\/div>\n\t\t\t\t\t\t\t<\/div>\n\t\t<\/section>\n\t\t\t\t<section class=\"elementor-section elementor-top-section elementor-element elementor-element-d703bbc elementor-section-boxed elementor-section-height-default elementor-section-height-default\" data-id=\"d703bbc\" data-element_type=\"section\">\n\t\t\t\t\t\t<div class=\"elementor-container elementor-column-gap-default\">\n\t\t\t\t\t<div class=\"elementor-column elementor-col-100 elementor-top-column elementor-element elementor-element-93a4804\" data-id=\"93a4804\" data-element_type=\"column\">\n\t\t\t<div class=\"elementor-widget-wrap elementor-element-populated\">\n\t\t\t\t\t\t\t\t<div class=\"elementor-element elementor-element-bb785d5 elementor-widget elementor-widget-text-editor\" data-id=\"bb785d5\" data-element_type=\"widget\" data-widget_type=\"text-editor.default\">\n\t\t\t\t<div class=\"elementor-widget-container\">\n\t\t\t\t\t\t\t<h2 data-start=\"181\" data-end=\"257\">Kreuzfahrt mit der MSC Grandiosa \u2013 Grandiose Erlebnisse auf hoher See<\/h2><p data-start=\"259\" data-end=\"643\">Die <strong data-start=\"263\" data-end=\"280\">MSC Grandiosa<\/strong> geh\u00f6rt zu den modernsten und gr\u00f6\u00dften Kreuzfahrtschiffen Europas und bietet ein Reiseerlebnis, das seinem Namen alle Ehre macht: grandios. Mit einer beeindruckenden Kombination aus futuristischem Design, luxuri\u00f6sem Komfort und einer riesigen Auswahl an Freizeitm\u00f6glichkeiten ist sie die perfekte Wahl f\u00fcr alle, die mehr als nur eine gew\u00f6hnliche Kreuzfahrt suchen.<\/p><p data-start=\"645\" data-end=\"973\">Ob als Familie, Paar oder Alleinreisende \u2013 an Bord der MSC Grandiosa findet jeder seinen Platz zum Entspannen, Entdecken und Genie\u00dfen. Die gro\u00dfz\u00fcgigen Innenr\u00e4ume, das atemberaubende zentrale Promenadendeck mit LED-Himmel und die vielen Restaurants, Bars und Freizeitbereiche sorgen daf\u00fcr, dass auf See keine Langeweile aufkommt.<\/p><hr data-start=\"975\" data-end=\"978\" \/><h2 data-start=\"980\" data-end=\"1016\">Was kann man an Bord unternehmen?<\/h2><p data-start=\"1018\" data-end=\"1395\">Die Freizeitangebote auf der MSC Grandiosa sind extrem vielseitig. T\u00e4glich gibt es mehrere Shows, darunter beeindruckende Artistik- und Theatershows mit Licht- und Soundeffekten. Besonders hervorzuheben ist die zentrale Galleria Grandiosa \u2013 eine \u00fcberdachte Promenade mit Boutiquen, Caf\u00e9s, Bars und t\u00e4glich wechselnden Lichtshows \u00fcber einen riesigen LED-Bildschirm an der Decke.<\/p><p data-start=\"1397\" data-end=\"1697\">Wer Action sucht, wird beim Formel-1-Simulator, im 4D-Kino oder beim Virtual-Reality-Abenteuer f\u00fcndig. Der Hochseilgarten \u00fcber dem Meer bietet Nervenkitzel mit Aussicht. Familien und Kinder finden Wasserspa\u00df im Aquapark mit Rutschen, w\u00e4hrend Teenager eigene Lounges und Spielbereiche genie\u00dfen k\u00f6nnen.<\/p><p data-start=\"1699\" data-end=\"1947\">Nat\u00fcrlich kommt auch das Entspannen nicht zu kurz: mehrere Pools, Whirlpools, Sonnenbereiche und das exklusive Aurea Spa laden zum Abschalten ein. Wer lieber aktiv bleibt, nutzt das moderne Fitnessstudio, Sportbereiche oder Joggingstrecken an Deck.<\/p><hr data-start=\"1949\" data-end=\"1952\" \/><h2 data-start=\"1954\" data-end=\"1974\">Kulinarik an Bord<\/h2><p data-start=\"1976\" data-end=\"2419\">Die MSC Grandiosa verw\u00f6hnt ihre G\u00e4ste kulinarisch auf h\u00f6chstem Niveau. Neben einem umfangreichen Buffetrestaurant gibt es zahlreiche \u00c0-la-carte-Restaurants, internationale Spezialit\u00e4tenlokale sowie gem\u00fctliche Caf\u00e9s und Bars. Ob Sushi, mediterrane K\u00fcche, saftige Steaks oder s\u00fc\u00dfe Kreationen \u2013 f\u00fcr jeden Geschmack ist etwas dabei. Viele der Restaurants sind modern, stilvoll gestaltet und teils mit Au\u00dfenterrassen f\u00fcr den Blick aufs offene Meer.<\/p><hr data-start=\"2421\" data-end=\"2424\" \/><h2 data-start=\"2426\" data-end=\"2441\">Kabinenarten<\/h2><p data-start=\"2443\" data-end=\"2860\">Die Kabinen an Bord bieten Komfort f\u00fcr jedes Budget und Bed\u00fcrfnis. Es gibt einfache Innenkabinen f\u00fcr preisbewusste Reisende, Au\u00dfenkabinen mit Fenster oder Balkon sowie besonders ger\u00e4umige Suiten mit eigenen Lounges oder Whirlpools. G\u00e4ste der Aurea-Kabinen genie\u00dfen zus\u00e4tzliche Wellnessvorteile, w\u00e4hrend der exklusive Yacht Club einen privaten R\u00fcckzugsort mit eigenem Restaurant, Poolbereich und Butler-Service bietet.<\/p><hr data-start=\"2862\" data-end=\"2865\" \/><h2 data-start=\"2867\" data-end=\"2902\">Wie viele Passagiere reisen mit?<\/h2><p data-start=\"2904\" data-end=\"3159\">Die MSC Grandiosa bietet Platz f\u00fcr rund 4.800 Passagiere bei Doppelbelegung \u2013 bei voller Auslastung k\u00f6nnen es sogar \u00fcber 6.000 G\u00e4ste sein. Dazu kommt eine engagierte Crew von mehr als 1.700 Personen, die sich rund um die Uhr um das Wohl der G\u00e4ste k\u00fcmmert.<\/p><hr data-start=\"3161\" data-end=\"3164\" \/><h2 data-start=\"3166\" data-end=\"3174\">Fazit<\/h2><p data-start=\"3176\" data-end=\"3576\">Eine Kreuzfahrt mit der <strong data-start=\"3200\" data-end=\"3217\">MSC Grandiosa<\/strong> ist ein Rundum-Erlebnis der Extraklasse. Das Schiff \u00fcberzeugt mit moderner Technik, luxuri\u00f6sem Komfort und einem Freizeit- und Gastronomieangebot, das kaum W\u00fcnsche offenl\u00e4sst. Ob du Ruhe und Erholung suchst, ein familienfreundliches Abenteuer planst oder einfach nur den Alltag hinter dir lassen willst \u2013 auf der Grandiosa findest du all das und noch mehr.<\/p><p data-start=\"3578\" data-end=\"3715\" data-is-last-node=\"\" data-is-only-node=\"\">Ein Urlaub auf diesem Schiff ist nicht nur eine Reise \u00fcber das Meer, sondern eine Reise in eine Welt voller Abwechslung, Genuss und Stil.<\/p>\t\t\t\t\t\t<\/div>\n\t\t\t\t<\/div>\n\t\t\t\t\t<\/div>\n\t\t<\/div>\n\t\t\t\t\t\t\t<\/div>\n\t\t<\/section>\n\t\t\t\t\t\t\t<\/div>\n\t\t","protected":false},"excerpt":{"rendered":"<p>MSC GRANDIOSA Die MSC Grandiosa ist ein beeindruckendes Kreuzfahrtschiff mit Platz f\u00fcr \u00fcber 6.300 G\u00e4ste. Es bietet elegante und stilvolle Kabinen sowie eine breite Palette von Restaurants, in denen G\u00e4ste kulinarische K\u00f6stlichkeiten aus aller Welt genie\u00dfen k\u00f6nnen. Die innovative MSC<span class=\"ellipsis\">&hellip;<\/span><\/p>\n<div class=\"read-more\"><a href=\"https:\/\/www.schiffs-rabatte.de\/msc\/msc_kreuzfahrten\/msc-grandiosa\/\">Weiterlesen \u203a<\/a><\/div>\n<p><!-- end of .read-more --><\/p>\n","protected":false},"author":1,"featured_media":0,"parent":34,"menu_order":0,"comment_status":"closed","ping_status":"closed","template":"elementor_header_footer","meta":{"footnotes":""},"class_list":["post-580","page","type-page","status-publish","hentry"],"yoast_head":"<!-- This site is optimized with the Yoast SEO plugin v25.3.1 - https:\/\/yoast.com\/wordpress\/plugins\/seo\/ -->\n<title>&#187; MSC Kreuzfahrten mit 5% Bonus auf Schiffs-Rabatte.de - ONLINE BUCHEN<\/title>\n<meta name=\"robots\" content=\"index, follow, max-snippet:-1, max-image-preview:large, max-video-preview:-1\" \/>\n<link rel=\"canonical\" href=\"https:\/\/www.schiffs-rabatte.de\/msc\/msc_kreuzfahrten\/msc-grandiosa\/\" \/>\n<meta property=\"og:locale\" content=\"de_DE\" \/>\n<meta property=\"og:type\" content=\"article\" \/>\n<meta property=\"og:title\" content=\"&#187; MSC Kreuzfahrten mit 5% Bonus auf Schiffs-Rabatte.de - ONLINE BUCHEN\" \/>\n<meta property=\"og:description\" content=\"MSC GRANDIOSA Die MSC Grandiosa ist ein beeindruckendes Kreuzfahrtschiff mit Platz f\u00fcr \u00fcber 6.300 G\u00e4ste. Es bietet elegante und stilvolle Kabinen sowie eine breite Palette von Restaurants, in denen G\u00e4ste kulinarische K\u00f6stlichkeiten aus aller Welt genie\u00dfen k\u00f6nnen. Die innovative MSC&hellip;Weiterlesen \u203a\" \/>\n<meta property=\"og:url\" content=\"https:\/\/www.schiffs-rabatte.de\/msc\/msc_kreuzfahrten\/msc-grandiosa\/\" \/>\n<meta property=\"og:site_name\" content=\"MSC Kreuzfahrten mit 5% Bonus auf Schiffs-Rabatte.de - ONLINE BUCHEN\" \/>\n<meta property=\"article:publisher\" content=\"https:\/\/www.facebook.com\/SchiffsRabattede\" \/>\n<meta property=\"article:modified_time\" content=\"2025-09-06T13:07:36+00:00\" \/>\n<meta name=\"twitter:card\" content=\"summary_large_image\" \/>\n<meta name=\"twitter:label1\" content=\"Gesch\u00e4tzte Lesezeit\" \/>\n\t<meta name=\"twitter:data1\" content=\"4\u00a0Minuten\" \/>\n<script type=\"application\/ld+json\" class=\"yoast-schema-graph\">{\"@context\":\"https:\/\/schema.org\",\"@graph\":[{\"@type\":\"WebPage\",\"@id\":\"https:\/\/www.schiffs-rabatte.de\/msc\/msc_kreuzfahrten\/msc-grandiosa\/\",\"url\":\"https:\/\/www.schiffs-rabatte.de\/msc\/msc_kreuzfahrten\/msc-grandiosa\/\",\"name\":\"&#187; MSC Kreuzfahrten mit 5% Bonus auf Schiffs-Rabatte.de - ONLINE BUCHEN\",\"isPartOf\":{\"@id\":\"https:\/\/www.schiffs-rabatte.de\/msc\/#website\"},\"datePublished\":\"2023-05-26T09:10:33+00:00\",\"dateModified\":\"2025-09-06T13:07:36+00:00\",\"breadcrumb\":{\"@id\":\"https:\/\/www.schiffs-rabatte.de\/msc\/msc_kreuzfahrten\/msc-grandiosa\/#breadcrumb\"},\"inLanguage\":\"de\",\"potentialAction\":[{\"@type\":\"ReadAction\",\"target\":[\"https:\/\/www.schiffs-rabatte.de\/msc\/msc_kreuzfahrten\/msc-grandiosa\/\"]}]},{\"@type\":\"BreadcrumbList\",\"@id\":\"https:\/\/www.schiffs-rabatte.de\/msc\/msc_kreuzfahrten\/msc-grandiosa\/#breadcrumb\",\"itemListElement\":[{\"@type\":\"ListItem\",\"position\":1,\"name\":\"Startseite\",\"item\":\"https:\/\/www.schiffs-rabatte.de\/msc\/\"},{\"@type\":\"ListItem\",\"position\":2,\"name\":\"Alle Angebote\",\"item\":\"https:\/\/www.schiffs-rabatte.de\/msc\/msc_kreuzfahrten\/\"},{\"@type\":\"ListItem\",\"position\":3,\"name\":\"MSC GRANDIOSA\"}]},{\"@type\":\"WebSite\",\"@id\":\"https:\/\/www.schiffs-rabatte.de\/msc\/#website\",\"url\":\"https:\/\/www.schiffs-rabatte.de\/msc\/\",\"name\":\"MSC Kreuzfahrten mit 5% Bonus bei Schiffs-Rabatte.de\",\"description\":\"JETZT AUF SCHIFFS-RABATTE.de  - BUCHEN\",\"publisher\":{\"@id\":\"https:\/\/www.schiffs-rabatte.de\/msc\/#organization\"},\"potentialAction\":[{\"@type\":\"SearchAction\",\"target\":{\"@type\":\"EntryPoint\",\"urlTemplate\":\"https:\/\/www.schiffs-rabatte.de\/msc\/?s={search_term_string}\"},\"query-input\":{\"@type\":\"PropertyValueSpecification\",\"valueRequired\":true,\"valueName\":\"search_term_string\"}}],\"inLanguage\":\"de\"},{\"@type\":\"Organization\",\"@id\":\"https:\/\/www.schiffs-rabatte.de\/msc\/#organization\",\"name\":\"MSC Kreuzfahrten mit 5% Bonus bei Schiffs-Rabatte.de\",\"url\":\"https:\/\/www.schiffs-rabatte.de\/msc\/\",\"logo\":{\"@type\":\"ImageObject\",\"inLanguage\":\"de\",\"@id\":\"https:\/\/www.schiffs-rabatte.de\/msc\/#\/schema\/logo\/image\/\",\"url\":\"https:\/\/schiffs-rabatte.de\/msc\/wp-content\/uploads\/2023\/03\/cropped-cropped-SchiffsRabatte-Logo-quer-positiv-RGB.png\",\"contentUrl\":\"https:\/\/schiffs-rabatte.de\/msc\/wp-content\/uploads\/2023\/03\/cropped-cropped-SchiffsRabatte-Logo-quer-positiv-RGB.png\",\"width\":900,\"height\":191,\"caption\":\"MSC Kreuzfahrten mit 5% Bonus bei Schiffs-Rabatte.de\"},\"image\":{\"@id\":\"https:\/\/www.schiffs-rabatte.de\/msc\/#\/schema\/logo\/image\/\"},\"sameAs\":[\"https:\/\/www.facebook.com\/SchiffsRabattede\",\"https:\/\/www.instagram.com\/schiffsrabatte\/\"]}]}<\/script>\n<!-- \/ Yoast SEO plugin. -->","yoast_head_json":{"title":"&#187; MSC Kreuzfahrten mit 5% Bonus auf Schiffs-Rabatte.de - ONLINE BUCHEN","robots":{"index":"index","follow":"follow","max-snippet":"max-snippet:-1","max-image-preview":"max-image-preview:large","max-video-preview":"max-video-preview:-1"},"canonical":"https:\/\/www.schiffs-rabatte.de\/msc\/msc_kreuzfahrten\/msc-grandiosa\/","og_locale":"de_DE","og_type":"article","og_title":"&#187; MSC Kreuzfahrten mit 5% Bonus auf Schiffs-Rabatte.de - ONLINE BUCHEN","og_description":"MSC GRANDIOSA Die MSC Grandiosa ist ein beeindruckendes Kreuzfahrtschiff mit Platz f\u00fcr \u00fcber 6.300 G\u00e4ste. Es bietet elegante und stilvolle Kabinen sowie eine breite Palette von Restaurants, in denen G\u00e4ste kulinarische K\u00f6stlichkeiten aus aller Welt genie\u00dfen k\u00f6nnen. Die innovative MSC&hellip;Weiterlesen \u203a","og_url":"https:\/\/www.schiffs-rabatte.de\/msc\/msc_kreuzfahrten\/msc-grandiosa\/","og_site_name":"MSC Kreuzfahrten mit 5% Bonus auf Schiffs-Rabatte.de - ONLINE BUCHEN","article_publisher":"https:\/\/www.facebook.com\/SchiffsRabattede","article_modified_time":"2025-09-06T13:07:36+00:00","twitter_card":"summary_large_image","twitter_misc":{"Gesch\u00e4tzte Lesezeit":"4\u00a0Minuten"},"schema":{"@context":"https:\/\/schema.org","@graph":[{"@type":"WebPage","@id":"https:\/\/www.schiffs-rabatte.de\/msc\/msc_kreuzfahrten\/msc-grandiosa\/","url":"https:\/\/www.schiffs-rabatte.de\/msc\/msc_kreuzfahrten\/msc-grandiosa\/","name":"&#187; MSC Kreuzfahrten mit 5% Bonus auf Schiffs-Rabatte.de - ONLINE BUCHEN","isPartOf":{"@id":"https:\/\/www.schiffs-rabatte.de\/msc\/#website"},"datePublished":"2023-05-26T09:10:33+00:00","dateModified":"2025-09-06T13:07:36+00:00","breadcrumb":{"@id":"https:\/\/www.schiffs-rabatte.de\/msc\/msc_kreuzfahrten\/msc-grandiosa\/#breadcrumb"},"inLanguage":"de","potentialAction":[{"@type":"ReadAction","target":["https:\/\/www.schiffs-rabatte.de\/msc\/msc_kreuzfahrten\/msc-grandiosa\/"]}]},{"@type":"BreadcrumbList","@id":"https:\/\/www.schiffs-rabatte.de\/msc\/msc_kreuzfahrten\/msc-grandiosa\/#breadcrumb","itemListElement":[{"@type":"ListItem","position":1,"name":"Startseite","item":"https:\/\/www.schiffs-rabatte.de\/msc\/"},{"@type":"ListItem","position":2,"name":"Alle Angebote","item":"https:\/\/www.schiffs-rabatte.de\/msc\/msc_kreuzfahrten\/"},{"@type":"ListItem","position":3,"name":"MSC GRANDIOSA"}]},{"@type":"WebSite","@id":"https:\/\/www.schiffs-rabatte.de\/msc\/#website","url":"https:\/\/www.schiffs-rabatte.de\/msc\/","name":"MSC Kreuzfahrten mit 5% Bonus bei Schiffs-Rabatte.de","description":"JETZT AUF SCHIFFS-RABATTE.de  - BUCHEN","publisher":{"@id":"https:\/\/www.schiffs-rabatte.de\/msc\/#organization"},"potentialAction":[{"@type":"SearchAction","target":{"@type":"EntryPoint","urlTemplate":"https:\/\/www.schiffs-rabatte.de\/msc\/?s={search_term_string}"},"query-input":{"@type":"PropertyValueSpecification","valueRequired":true,"valueName":"search_term_string"}}],"inLanguage":"de"},{"@type":"Organization","@id":"https:\/\/www.schiffs-rabatte.de\/msc\/#organization","name":"MSC Kreuzfahrten mit 5% Bonus bei Schiffs-Rabatte.de","url":"https:\/\/www.schiffs-rabatte.de\/msc\/","logo":{"@type":"ImageObject","inLanguage":"de","@id":"https:\/\/www.schiffs-rabatte.de\/msc\/#\/schema\/logo\/image\/","url":"https:\/\/schiffs-rabatte.de\/msc\/wp-content\/uploads\/2023\/03\/cropped-cropped-SchiffsRabatte-Logo-quer-positiv-RGB.png","contentUrl":"https:\/\/schiffs-rabatte.de\/msc\/wp-content\/uploads\/2023\/03\/cropped-cropped-SchiffsRabatte-Logo-quer-positiv-RGB.png","width":900,"height":191,"caption":"MSC Kreuzfahrten mit 5% Bonus bei Schiffs-Rabatte.de"},"image":{"@id":"https:\/\/www.schiffs-rabatte.de\/msc\/#\/schema\/logo\/image\/"},"sameAs":["https:\/\/www.facebook.com\/SchiffsRabattede","https:\/\/www.instagram.com\/schiffsrabatte\/"]}]}},"_links":{"self":[{"href":"https:\/\/www.schiffs-rabatte.de\/msc\/wp-json\/wp\/v2\/pages\/580","targetHints":{"allow":["GET"]}}],"collection":[{"href":"https:\/\/www.schiffs-rabatte.de\/msc\/wp-json\/wp\/v2\/pages"}],"about":[{"href":"https:\/\/www.schiffs-rabatte.de\/msc\/wp-json\/wp\/v2\/types\/page"}],"author":[{"embeddable":true,"href":"https:\/\/www.schiffs-rabatte.de\/msc\/wp-json\/wp\/v2\/users\/1"}],"replies":[{"embeddable":true,"href":"https:\/\/www.schiffs-rabatte.de\/msc\/wp-json\/wp\/v2\/comments?post=580"}],"version-history":[{"count":9,"href":"https:\/\/www.schiffs-rabatte.de\/msc\/wp-json\/wp\/v2\/pages\/580\/revisions"}],"predecessor-version":[{"id":1734,"href":"https:\/\/www.schiffs-rabatte.de\/msc\/wp-json\/wp\/v2\/pages\/580\/revisions\/1734"}],"up":[{"embeddable":true,"href":"https:\/\/www.schiffs-rabatte.de\/msc\/wp-json\/wp\/v2\/pages\/34"}],"wp:attachment":[{"href":"https:\/\/www.schiffs-rabatte.de\/msc\/wp-json\/wp\/v2\/media?parent=580"}],"curies":[{"name":"wp","href":"https:\/\/api.w.org\/{rel}","templated":true}]}}